{"id":1403,"date":"2024-01-23T09:58:08","date_gmt":"2024-01-23T09:58:08","guid":{"rendered":"https:\/\/keszleragnesdesign.com\/?page_id=1403"},"modified":"2025-09-01T11:26:49","modified_gmt":"2025-09-01T11:26:49","slug":"csatok","status":"publish","type":"page","link":"https:\/\/keszleragnesdesign.com\/index.php\/csatok\/","title":{"rendered":"Hajd\u00edszek"},"content":{"rendered":"<figure id=\"attachment_1404\" aria-describedby=\"caption-attachment-1404\" style=\"width: 2152px\" class=\"wp-caption aligncenter\"><a href=\"https:\/\/keszleragnesdesign.com\/wp-content\/uploads\/2024\/01\/IMG_20231127_094057.jpg\"><img loading=\"lazy\" decoding=\"async\" class=\"size-full wp-image-1404\" src=\"https:\/\/keszleragnesdesign.com\/wp-content\/uploads\/2024\/01\/IMG_20231127_094057.jpg\" alt=\"\" width=\"2152\" height=\"1542\" srcset=\"https:\/\/keszleragnesdesign.com\/wp-content\/uploads\/2024\/01\/IMG_20231127_094057.jpg 2152w, https:\/\/keszleragnesdesign.com\/wp-content\/uploads\/2024\/01\/IMG_20231127_094057-300x215.jpg 300w, https:\/\/keszleragnesdesign.com\/wp-content\/uploads\/2024\/01\/IMG_20231127_094057-1024x734.jpg 1024w, https:\/\/keszleragnesdesign.com\/wp-content\/uploads\/2024\/01\/IMG_20231127_094057-768x550.jpg 768w, https:\/\/keszleragnesdesign.com\/wp-content\/uploads\/2024\/01\/IMG_20231127_094057-1536x1101.jpg 1536w, https:\/\/keszleragnesdesign.com\/wp-content\/uploads\/2024\/01\/IMG_20231127_094057-2048x1467.jpg 2048w, https:\/\/keszleragnesdesign.com\/wp-content\/uploads\/2024\/01\/IMG_20231127_094057-1140x817.jpg 1140w\" sizes=\"auto, (max-width: 2152px) 100vw, 2152px\" \/><\/a><figcaption id=\"caption-attachment-1404\" class=\"wp-caption-text\">R\u00f3zsakvarc, krist\u00e1ly francia csat, feh\u00e9r b\u0151rrel a h\u00e1tulj\u00e1n, a k\u00e9nyelem\u00e9rt. K\u00e9szleten.\u00a0<\/figcaption><\/figure>\n<figure id=\"attachment_1405\" aria-describedby=\"caption-attachment-1405\" style=\"width: 2560px\" class=\"wp-caption aligncenter\"><a href=\"https:\/\/keszleragnesdesign.com\/wp-content\/uploads\/2024\/01\/IMG_20231114_133252_1-scaled.jpg\"><img loading=\"lazy\" decoding=\"async\" class=\"wp-image-1405 size-full\" src=\"https:\/\/keszleragnesdesign.com\/wp-content\/uploads\/2024\/01\/IMG_20231114_133252_1-scaled.jpg\" alt=\"\" width=\"2560\" height=\"1740\" srcset=\"https:\/\/keszleragnesdesign.com\/wp-content\/uploads\/2024\/01\/IMG_20231114_133252_1-scaled.jpg 2560w, https:\/\/keszleragnesdesign.com\/wp-content\/uploads\/2024\/01\/IMG_20231114_133252_1-300x204.jpg 300w, https:\/\/keszleragnesdesign.com\/wp-content\/uploads\/2024\/01\/IMG_20231114_133252_1-1024x696.jpg 1024w, https:\/\/keszleragnesdesign.com\/wp-content\/uploads\/2024\/01\/IMG_20231114_133252_1-768x522.jpg 768w, https:\/\/keszleragnesdesign.com\/wp-content\/uploads\/2024\/01\/IMG_20231114_133252_1-1536x1044.jpg 1536w, https:\/\/keszleragnesdesign.com\/wp-content\/uploads\/2024\/01\/IMG_20231114_133252_1-2048x1392.jpg 2048w, https:\/\/keszleragnesdesign.com\/wp-content\/uploads\/2024\/01\/IMG_20231114_133252_1-1140x775.jpg 1140w\" sizes=\"auto, (max-width: 2560px) 100vw, 2560px\" \/><\/a><figcaption id=\"caption-attachment-1405\" class=\"wp-caption-text\">Kalocsai r\u00f3zs\u00e1s francia csat, piros b\u0151rrel bevonva a h\u00e1tulj\u00e1n. Elket.<\/figcaption><\/figure>\n<figure id=\"attachment_1206\" aria-describedby=\"caption-attachment-1206\" style=\"width: 2560px\" class=\"wp-caption aligncenter\"><a href=\"https:\/\/keszleragnesdesign.com\/wp-content\/uploads\/2022\/11\/IMG_20221118_152936-1-scaled.jpg\"><img loading=\"lazy\" decoding=\"async\" class=\"wp-image-1206 size-full\" src=\"https:\/\/keszleragnesdesign.com\/wp-content\/uploads\/2022\/11\/IMG_20221118_152936-1-scaled.jpg\" alt=\"\" width=\"2560\" height=\"1588\" srcset=\"https:\/\/keszleragnesdesign.com\/wp-content\/uploads\/2022\/11\/IMG_20221118_152936-1-scaled.jpg 2560w, https:\/\/keszleragnesdesign.com\/wp-content\/uploads\/2022\/11\/IMG_20221118_152936-1-300x186.jpg 300w, https:\/\/keszleragnesdesign.com\/wp-content\/uploads\/2022\/11\/IMG_20221118_152936-1-1024x635.jpg 1024w, https:\/\/keszleragnesdesign.com\/wp-content\/uploads\/2022\/11\/IMG_20221118_152936-1-768x476.jpg 768w, https:\/\/keszleragnesdesign.com\/wp-content\/uploads\/2022\/11\/IMG_20221118_152936-1-1536x953.jpg 1536w, https:\/\/keszleragnesdesign.com\/wp-content\/uploads\/2022\/11\/IMG_20221118_152936-1-2048x1270.jpg 2048w, https:\/\/keszleragnesdesign.com\/wp-content\/uploads\/2022\/11\/IMG_20221118_152936-1-1140x707.jpg 1140w\" sizes=\"auto, (max-width: 2560px) 100vw, 2560px\" \/><\/a><figcaption id=\"caption-attachment-1206\" class=\"wp-caption-text\">H\u00edmzett hajcsat feh\u00e9r \u00e9s p\u00fader sz\u00edn\u0171 porcel\u00e1n kabosonokkal, h\u00e1tulj\u00e1n feh\u00e9r b\u0151rrel. Elkelt, ig\u00e9ny eset\u00e9n hasonl\u00f3 rendelhet\u0151.<\/figcaption><\/figure>\n<figure id=\"attachment_1374\" aria-describedby=\"caption-attachment-1374\" style=\"width: 2038px\" class=\"wp-caption aligncenter\"><a href=\"https:\/\/keszleragnesdesign.com\/wp-content\/uploads\/2024\/01\/IMG_20220618_201241.jpg\"><img loading=\"lazy\" decoding=\"async\" class=\"size-full wp-image-1374\" src=\"https:\/\/keszleragnesdesign.com\/wp-content\/uploads\/2024\/01\/IMG_20220618_201241.jpg\" alt=\"\" width=\"2038\" height=\"1313\" srcset=\"https:\/\/keszleragnesdesign.com\/wp-content\/uploads\/2024\/01\/IMG_20220618_201241.jpg 2038w, https:\/\/keszleragnesdesign.com\/wp-content\/uploads\/2024\/01\/IMG_20220618_201241-300x193.jpg 300w, https:\/\/keszleragnesdesign.com\/wp-content\/uploads\/2024\/01\/IMG_20220618_201241-1024x660.jpg 1024w, https:\/\/keszleragnesdesign.com\/wp-content\/uploads\/2024\/01\/IMG_20220618_201241-768x495.jpg 768w, https:\/\/keszleragnesdesign.com\/wp-content\/uploads\/2024\/01\/IMG_20220618_201241-1536x990.jpg 1536w, https:\/\/keszleragnesdesign.com\/wp-content\/uploads\/2024\/01\/IMG_20220618_201241-1140x734.jpg 1140w\" sizes=\"auto, (max-width: 2038px) 100vw, 2038px\" \/><\/a><figcaption id=\"caption-attachment-1374\" class=\"wp-caption-text\">Csod\u00e1s h\u00edmzett hajp\u00e1nt krist\u00e1lyokkal, tekla gy\u00f6ngy\u00f6kkel, k\u00e1sagy\u00f6ngy\u00f6kkel. A h\u00e1tulj\u00e1t textilb\u0151rrel vontam be. Az \u00e9kszer elkelt, ig\u00e9ny eset\u00e9n hasonl\u00f3 rendelhet\u0151.<\/figcaption><\/figure>\n<div class=\"mceTemp\"><\/div>\n<div class=\"mceTemp\"><\/div>\n<p><a href=\"https:\/\/keszleragnesdesign.com\/wp-content\/uploads\/2025\/09\/IMG_20250826_122637_1-scaled.jpg\"><img loading=\"lazy\" decoding=\"async\" class=\"wp-image-1883 alignnone\" src=\"https:\/\/keszleragnesdesign.com\/wp-content\/uploads\/2025\/09\/IMG_20250826_122637_1-scaled.jpg\" alt=\"\" width=\"327\" height=\"327\" srcset=\"https:\/\/keszleragnesdesign.com\/wp-content\/uploads\/2025\/09\/IMG_20250826_122637_1-scaled.jpg 2560w, https:\/\/keszleragnesdesign.com\/wp-content\/uploads\/2025\/09\/IMG_20250826_122637_1-300x300.jpg 300w, https:\/\/keszleragnesdesign.com\/wp-content\/uploads\/2025\/09\/IMG_20250826_122637_1-1024x1024.jpg 1024w, https:\/\/keszleragnesdesign.com\/wp-content\/uploads\/2025\/09\/IMG_20250826_122637_1-150x150.jpg 150w, https:\/\/keszleragnesdesign.com\/wp-content\/uploads\/2025\/09\/IMG_20250826_122637_1-768x768.jpg 768w, https:\/\/keszleragnesdesign.com\/wp-content\/uploads\/2025\/09\/IMG_20250826_122637_1-1536x1536.jpg 1536w, https:\/\/keszleragnesdesign.com\/wp-content\/uploads\/2025\/09\/IMG_20250826_122637_1-2048x2048.jpg 2048w, https:\/\/keszleragnesdesign.com\/wp-content\/uploads\/2025\/09\/IMG_20250826_122637_1-1140x1140.jpg 1140w, https:\/\/keszleragnesdesign.com\/wp-content\/uploads\/2025\/09\/IMG_20250826_122637_1-75x75.jpg 75w\" sizes=\"auto, (max-width: 327px) 100vw, 327px\" \/><\/a><a href=\"https:\/\/keszleragnesdesign.com\/wp-content\/uploads\/2025\/09\/IMG_20250826_123821_1-scaled.jpg\"><img loading=\"lazy\" decoding=\"async\" class=\"wp-image-1882 alignnone\" src=\"https:\/\/keszleragnesdesign.com\/wp-content\/uploads\/2025\/09\/IMG_20250826_123821_1-scaled.jpg\" alt=\"\" width=\"325\" height=\"325\" srcset=\"https:\/\/keszleragnesdesign.com\/wp-content\/uploads\/2025\/09\/IMG_20250826_123821_1-scaled.jpg 2557w, https:\/\/keszleragnesdesign.com\/wp-content\/uploads\/2025\/09\/IMG_20250826_123821_1-300x300.jpg 300w, https:\/\/keszleragnesdesign.com\/wp-content\/uploads\/2025\/09\/IMG_20250826_123821_1-1024x1024.jpg 1024w, https:\/\/keszleragnesdesign.com\/wp-content\/uploads\/2025\/09\/IMG_20250826_123821_1-150x150.jpg 150w, https:\/\/keszleragnesdesign.com\/wp-content\/uploads\/2025\/09\/IMG_20250826_123821_1-768x769.jpg 768w, https:\/\/keszleragnesdesign.com\/wp-content\/uploads\/2025\/09\/IMG_20250826_123821_1-1534x1536.jpg 1534w, https:\/\/keszleragnesdesign.com\/wp-content\/uploads\/2025\/09\/IMG_20250826_123821_1-2046x2048.jpg 2046w, https:\/\/keszleragnesdesign.com\/wp-content\/uploads\/2025\/09\/IMG_20250826_123821_1-1140x1141.jpg 1140w, https:\/\/keszleragnesdesign.com\/wp-content\/uploads\/2025\/09\/IMG_20250826_123821_1-75x75.jpg 75w\" sizes=\"auto, (max-width: 325px) 100vw, 325px\" \/><\/a><\/p>\n<p>&nbsp;<\/p>\n<p><a style=\"font-size: 16px;\" href=\"https:\/\/keszleragnesdesign.com\/wp-content\/uploads\/2025\/09\/5b902908-ac08-4030-8285-9b987fae4b96_20250819_185117_0000-scaled.jpg\"><img loading=\"lazy\" decoding=\"async\" class=\"aligncenter size-full wp-image-1878\" src=\"https:\/\/keszleragnesdesign.com\/wp-content\/uploads\/2025\/09\/5b902908-ac08-4030-8285-9b987fae4b96_20250819_185117_0000-scaled.jpg\" alt=\"\" width=\"2560\" height=\"2105\" srcset=\"https:\/\/keszleragnesdesign.com\/wp-content\/uploads\/2025\/09\/5b902908-ac08-4030-8285-9b987fae4b96_20250819_185117_0000-scaled.jpg 2560w, https:\/\/keszleragnesdesign.com\/wp-content\/uploads\/2025\/09\/5b902908-ac08-4030-8285-9b987fae4b96_20250819_185117_0000-300x247.jpg 300w, https:\/\/keszleragnesdesign.com\/wp-content\/uploads\/2025\/09\/5b902908-ac08-4030-8285-9b987fae4b96_20250819_185117_0000-1024x842.jpg 1024w, https:\/\/keszleragnesdesign.com\/wp-content\/uploads\/2025\/09\/5b902908-ac08-4030-8285-9b987fae4b96_20250819_185117_0000-768x632.jpg 768w, https:\/\/keszleragnesdesign.com\/wp-content\/uploads\/2025\/09\/5b902908-ac08-4030-8285-9b987fae4b96_20250819_185117_0000-1536x1263.jpg 1536w, https:\/\/keszleragnesdesign.com\/wp-content\/uploads\/2025\/09\/5b902908-ac08-4030-8285-9b987fae4b96_20250819_185117_0000-2048x1684.jpg 2048w, https:\/\/keszleragnesdesign.com\/wp-content\/uploads\/2025\/09\/5b902908-ac08-4030-8285-9b987fae4b96_20250819_185117_0000-1140x938.jpg 1140w\" sizes=\"auto, (max-width: 2560px) 100vw, 2560px\" \/><\/a><\/p>\n<p>H\u00edmzett f\u00e9s\u0171 karneol kabosonnal, \u00e9s h\u00edmzett francia csat r\u00f3zsakvarc kabosonnal. K\u00e9szleten.<\/p>\n<p><a href=\"https:\/\/keszleragnesdesign.com\/wp-content\/uploads\/2025\/09\/IMG_20241113_181540_1-scaled.jpg\"><img loading=\"lazy\" decoding=\"async\" class=\"aligncenter size-full wp-image-1879\" src=\"https:\/\/keszleragnesdesign.com\/wp-content\/uploads\/2025\/09\/IMG_20241113_181540_1-scaled.jpg\" alt=\"\" width=\"2560\" height=\"1307\" srcset=\"https:\/\/keszleragnesdesign.com\/wp-content\/uploads\/2025\/09\/IMG_20241113_181540_1-scaled.jpg 2560w, https:\/\/keszleragnesdesign.com\/wp-content\/uploads\/2025\/09\/IMG_20241113_181540_1-300x153.jpg 300w, https:\/\/keszleragnesdesign.com\/wp-content\/uploads\/2025\/09\/IMG_20241113_181540_1-1024x523.jpg 1024w, https:\/\/keszleragnesdesign.com\/wp-content\/uploads\/2025\/09\/IMG_20241113_181540_1-768x392.jpg 768w, https:\/\/keszleragnesdesign.com\/wp-content\/uploads\/2025\/09\/IMG_20241113_181540_1-1536x784.jpg 1536w, https:\/\/keszleragnesdesign.com\/wp-content\/uploads\/2025\/09\/IMG_20241113_181540_1-2048x1046.jpg 2048w, https:\/\/keszleragnesdesign.com\/wp-content\/uploads\/2025\/09\/IMG_20241113_181540_1-1140x582.jpg 1140w\" sizes=\"auto, (max-width: 2560px) 100vw, 2560px\" \/><\/a><\/p>\n<p>H\u00edmzett hajp\u00e1nt Aventurin kabosonnal. Hasonl\u00f3 rendelhet\u0151.<\/p>\n","protected":false},"excerpt":{"rendered":"<p>&nbsp; H\u00edmzett f\u00e9s\u0171 karneol kabosonnal, \u00e9s h\u00edmzett francia csat r\u00f3zsakvarc kabosonnal. K\u00e9szleten. H\u00edmzett hajp\u00e1nt Aventurin kabosonnal. Hasonl\u00f3 rendelhet\u0151.<\/p>\n","protected":false},"author":1,"featured_media":0,"parent":0,"menu_order":0,"comment_status":"closed","ping_status":"closed","template":"","meta":{"footnotes":""},"class_list":["post-1403","page","type-page","status-publish","hentry"],"jetpack_sharing_enabled":true,"_links":{"self":[{"href":"https:\/\/keszleragnesdesign.com\/index.php\/wp-json\/wp\/v2\/pages\/1403","targetHints":{"allow":["GET"]}}],"collection":[{"href":"https:\/\/keszleragnesdesign.com\/index.php\/wp-json\/wp\/v2\/pages"}],"about":[{"href":"https:\/\/keszleragnesdesign.com\/index.php\/wp-json\/wp\/v2\/types\/page"}],"author":[{"embeddable":true,"href":"https:\/\/keszleragnesdesign.com\/index.php\/wp-json\/wp\/v2\/users\/1"}],"replies":[{"embeddable":true,"href":"https:\/\/keszleragnesdesign.com\/index.php\/wp-json\/wp\/v2\/comments?post=1403"}],"version-history":[{"count":7,"href":"https:\/\/keszleragnesdesign.com\/index.php\/wp-json\/wp\/v2\/pages\/1403\/revisions"}],"predecessor-version":[{"id":1884,"href":"https:\/\/keszleragnesdesign.com\/index.php\/wp-json\/wp\/v2\/pages\/1403\/revisions\/1884"}],"wp:attachment":[{"href":"https:\/\/keszleragnesdesign.com\/index.php\/wp-json\/wp\/v2\/media?parent=1403"}],"curies":[{"name":"wp","href":"https:\/\/api.w.org\/{rel}","templated":true}]}}