{"id":1540,"date":"2024-05-11T08:52:35","date_gmt":"2024-05-11T08:52:35","guid":{"rendered":"https:\/\/keszleragnesdesign.com\/?page_id=1540"},"modified":"2025-08-23T10:57:37","modified_gmt":"2025-08-23T10:57:37","slug":"tanfolyamok","status":"publish","type":"page","link":"https:\/\/keszleragnesdesign.com\/index.php\/tanfolyamok\/","title":{"rendered":"Tanfolyamok"},"content":{"rendered":"<figure id=\"attachment_1584\" aria-describedby=\"caption-attachment-1584\" style=\"width: 276px\" class=\"wp-caption aligncenter\"><a href=\"https:\/\/keszleragnesdesign.com\/wp-content\/uploads\/2024\/05\/oktatas-tiszafured.jpg\"><img loading=\"lazy\" decoding=\"async\" class=\"wp-image-1584\" src=\"https:\/\/keszleragnesdesign.com\/wp-content\/uploads\/2024\/05\/oktatas-tiszafured.jpg\" alt=\"\" width=\"276\" height=\"304\" srcset=\"https:\/\/keszleragnesdesign.com\/wp-content\/uploads\/2024\/05\/oktatas-tiszafured.jpg 1863w, https:\/\/keszleragnesdesign.com\/wp-content\/uploads\/2024\/05\/oktatas-tiszafured-273x300.jpg 273w, https:\/\/keszleragnesdesign.com\/wp-content\/uploads\/2024\/05\/oktatas-tiszafured-932x1024.jpg 932w, https:\/\/keszleragnesdesign.com\/wp-content\/uploads\/2024\/05\/oktatas-tiszafured-768x844.jpg 768w, https:\/\/keszleragnesdesign.com\/wp-content\/uploads\/2024\/05\/oktatas-tiszafured-1397x1536.jpg 1397w, https:\/\/keszleragnesdesign.com\/wp-content\/uploads\/2024\/05\/oktatas-tiszafured-1140x1253.jpg 1140w\" sizes=\"auto, (max-width: 276px) 100vw, 276px\" \/><\/a><figcaption id=\"caption-attachment-1584\" class=\"wp-caption-text\">Kis csoportok (max 20 f\u0151) r\u00e9sz\u00e9re v\u00e1llalok \u00e9l\u0151 magyar \u00e9s angol nyelv\u0171 oktat\u00e1sokat, r\u00e9szletes sz\u00ednes le\u00edr\u00e1ssal, ig\u00e9ny eset\u00e9n a mint\u00e1k elk\u00e9szt\u00e9s\u00e9hez sz\u00fcks\u00e9ges alapanyagokkal.<\/figcaption><\/figure>\n<p><a href=\"https:\/\/keszleragnesdesign.com\/wp-content\/uploads\/2024\/05\/tanfolyam-tiszafured.jpg\"><img loading=\"lazy\" decoding=\"async\" class=\"aligncenter wp-image-1585\" src=\"https:\/\/keszleragnesdesign.com\/wp-content\/uploads\/2024\/05\/tanfolyam-tiszafured.jpg\" alt=\"\" width=\"279\" height=\"375\" srcset=\"https:\/\/keszleragnesdesign.com\/wp-content\/uploads\/2024\/05\/tanfolyam-tiszafured.jpg 1524w, https:\/\/keszleragnesdesign.com\/wp-content\/uploads\/2024\/05\/tanfolyam-tiszafured-223x300.jpg 223w, https:\/\/keszleragnesdesign.com\/wp-content\/uploads\/2024\/05\/tanfolyam-tiszafured-762x1024.jpg 762w, https:\/\/keszleragnesdesign.com\/wp-content\/uploads\/2024\/05\/tanfolyam-tiszafured-768x1032.jpg 768w, https:\/\/keszleragnesdesign.com\/wp-content\/uploads\/2024\/05\/tanfolyam-tiszafured-1143x1536.jpg 1143w, https:\/\/keszleragnesdesign.com\/wp-content\/uploads\/2024\/05\/tanfolyam-tiszafured-1140x1532.jpg 1140w\" sizes=\"auto, (max-width: 279px) 100vw, 279px\" \/><\/a><\/p>\n<p><a href=\"https:\/\/keszleragnesdesign.com\/wp-content\/uploads\/2025\/08\/IMG_20250405_131350_edit_281680726142598_1-scaled.jpg\"><img loading=\"lazy\" decoding=\"async\" class=\"aligncenter  wp-image-1852\" src=\"https:\/\/keszleragnesdesign.com\/wp-content\/uploads\/2025\/08\/IMG_20250405_131350_edit_281680726142598_1-scaled.jpg\" alt=\"\" width=\"325\" height=\"522\" srcset=\"https:\/\/keszleragnesdesign.com\/wp-content\/uploads\/2025\/08\/IMG_20250405_131350_edit_281680726142598_1-scaled.jpg 1592w, https:\/\/keszleragnesdesign.com\/wp-content\/uploads\/2025\/08\/IMG_20250405_131350_edit_281680726142598_1-187x300.jpg 187w, https:\/\/keszleragnesdesign.com\/wp-content\/uploads\/2025\/08\/IMG_20250405_131350_edit_281680726142598_1-637x1024.jpg 637w, https:\/\/keszleragnesdesign.com\/wp-content\/uploads\/2025\/08\/IMG_20250405_131350_edit_281680726142598_1-768x1235.jpg 768w, https:\/\/keszleragnesdesign.com\/wp-content\/uploads\/2025\/08\/IMG_20250405_131350_edit_281680726142598_1-955x1536.jpg 955w, https:\/\/keszleragnesdesign.com\/wp-content\/uploads\/2025\/08\/IMG_20250405_131350_edit_281680726142598_1-1273x2048.jpg 1273w, https:\/\/keszleragnesdesign.com\/wp-content\/uploads\/2025\/08\/IMG_20250405_131350_edit_281680726142598_1-1140x1834.jpg 1140w\" sizes=\"auto, (max-width: 325px) 100vw, 325px\" \/><\/a><\/p>\n<p>A Magyar Gy\u00f6ngy Egyes\u00fclet r\u00e9sz\u00e9re tartott tanfolyam, 2025. tavasza<\/p>\n<p><a href=\"https:\/\/keszleragnesdesign.com\/wp-content\/uploads\/2025\/08\/viber_kep_2025-08-23_12-37-11-801.jpg\"><img loading=\"lazy\" decoding=\"async\" class=\"aligncenter size-full wp-image-1853\" src=\"https:\/\/keszleragnesdesign.com\/wp-content\/uploads\/2025\/08\/viber_kep_2025-08-23_12-37-11-801.jpg\" alt=\"\" width=\"720\" height=\"494\" srcset=\"https:\/\/keszleragnesdesign.com\/wp-content\/uploads\/2025\/08\/viber_kep_2025-08-23_12-37-11-801.jpg 720w, https:\/\/keszleragnesdesign.com\/wp-content\/uploads\/2025\/08\/viber_kep_2025-08-23_12-37-11-801-300x206.jpg 300w\" sizes=\"auto, (max-width: 720px) 100vw, 720px\" \/><\/a><\/p>\n<p>A Kor\u00e1lk\u00e1rky gy\u00f6ngy egyes\u00fclet r\u00e9sz\u00e9re tartott t\u00f6bbnapos tanfolyam, 2025. nyara<\/p>\n","protected":false},"excerpt":{"rendered":"<p>A Magyar Gy\u00f6ngy Egyes\u00fclet r\u00e9sz\u00e9re tartott tanfolyam, 2025. tavasza A Kor\u00e1lk\u00e1rky gy\u00f6ngy egyes\u00fclet r\u00e9sz\u00e9re tartott t\u00f6bbnapos tanfolyam, 2025. nyara<\/p>\n","protected":false},"author":1,"featured_media":0,"parent":0,"menu_order":0,"comment_status":"closed","ping_status":"closed","template":"","meta":{"footnotes":""},"class_list":["post-1540","page","type-page","status-publish","hentry"],"jetpack_sharing_enabled":true,"_links":{"self":[{"href":"https:\/\/keszleragnesdesign.com\/index.php\/wp-json\/wp\/v2\/pages\/1540","targetHints":{"allow":["GET"]}}],"collection":[{"href":"https:\/\/keszleragnesdesign.com\/index.php\/wp-json\/wp\/v2\/pages"}],"about":[{"href":"https:\/\/keszleragnesdesign.com\/index.php\/wp-json\/wp\/v2\/types\/page"}],"author":[{"embeddable":true,"href":"https:\/\/keszleragnesdesign.com\/index.php\/wp-json\/wp\/v2\/users\/1"}],"replies":[{"embeddable":true,"href":"https:\/\/keszleragnesdesign.com\/index.php\/wp-json\/wp\/v2\/comments?post=1540"}],"version-history":[{"count":5,"href":"https:\/\/keszleragnesdesign.com\/index.php\/wp-json\/wp\/v2\/pages\/1540\/revisions"}],"predecessor-version":[{"id":1862,"href":"https:\/\/keszleragnesdesign.com\/index.php\/wp-json\/wp\/v2\/pages\/1540\/revisions\/1862"}],"wp:attachment":[{"href":"https:\/\/keszleragnesdesign.com\/index.php\/wp-json\/wp\/v2\/media?parent=1540"}],"curies":[{"name":"wp","href":"https:\/\/api.w.org\/{rel}","templated":true}]}}