{"id":1813,"date":"2025-06-09T21:48:55","date_gmt":"2025-06-09T21:48:55","guid":{"rendered":"https:\/\/keszleragnesdesign.com\/?page_id=1813"},"modified":"2025-09-01T14:37:35","modified_gmt":"2025-09-01T14:37:35","slug":"versenyek","status":"publish","type":"page","link":"https:\/\/keszleragnesdesign.com\/index.php\/versenyek\/","title":{"rendered":"Versenyek"},"content":{"rendered":"<p>Mint minden m\u0171v\u00e9sz, \u00e9n is szeretem megm\u00e9retni magam a t\u00f6bbi alkot\u00f3val. Alkot\u00e1saim f\u0151leg gy\u00f6ngyh\u00edmz\u00e9si technik\u00e1val k\u00e9sz\u00fclnek.<\/p>\n<p>Ezek a m\u0171vek &#8211; hisz mind nagys\u00e1guk, mind a r\u00e1juk ford\u00edtott id\u0151, energia, felhaszn\u00e1lt csod\u00e1s alapanyagok miatt m\u00e1snak nem is lehet \u0151ket nevezni &#8211; mindig h\u0171en t\u00fckr\u00f6zik az adott verseny ki\u00edr\u00e1sa biztos\u00edtotta t\u00e9m\u00e1t, technikai elv\u00e1r\u00e1sokat, anyaghaszn\u00e1latot, hangulatot.<\/p>\n<ol>\n<li>Kalocsai h\u00edmzett nyak\u00e9k \u00e9s kieg\u00e9sz\u00edt\u0151k:<a href=\"https:\/\/keszleragnesdesign.com\/wp-content\/uploads\/2025\/06\/IMG_20231031_072858_1-scaled.jpg\"><img loading=\"lazy\" decoding=\"async\" class=\"wp-image-1814 alignright\" src=\"https:\/\/keszleragnesdesign.com\/wp-content\/uploads\/2025\/06\/IMG_20231031_072858_1-scaled.jpg\" alt=\"\" width=\"270\" height=\"360\" srcset=\"https:\/\/keszleragnesdesign.com\/wp-content\/uploads\/2025\/06\/IMG_20231031_072858_1-scaled.jpg 1920w, https:\/\/keszleragnesdesign.com\/wp-content\/uploads\/2025\/06\/IMG_20231031_072858_1-225x300.jpg 225w, https:\/\/keszleragnesdesign.com\/wp-content\/uploads\/2025\/06\/IMG_20231031_072858_1-768x1024.jpg 768w, https:\/\/keszleragnesdesign.com\/wp-content\/uploads\/2025\/06\/IMG_20231031_072858_1-1152x1536.jpg 1152w, https:\/\/keszleragnesdesign.com\/wp-content\/uploads\/2025\/06\/IMG_20231031_072858_1-1536x2048.jpg 1536w, https:\/\/keszleragnesdesign.com\/wp-content\/uploads\/2025\/06\/IMG_20231031_072858_1-1140x1520.jpg 1140w\" sizes=\"auto, (max-width: 270px) 100vw, 270px\" \/><\/a><\/li>\n<\/ol>\n<p>A Debreceni D\u00e9ri M\u00fazeum \u00e1ltal ki\u00edrt p\u00e1ly\u00e1zatra k\u00e9sz\u00edtettem, gy\u00f6ngyh\u00edmz\u00e9sese technik\u00e1val. A p\u00e1ly\u00e1zat olyan m\u0171veket v\u00e1rt, amelyekben a magyar n\u00e9pm\u0171v\u00e9szet gazdag formavil\u00e1ga jelenik meg modern, ma viselhet\u0151 \u00e9kszerekben. Mivel sz\u00e1momra a kalocsai h\u00edmz\u00e9s, a kalocsai vir\u00e1gok sz\u00edngazdags\u00e1ga mindig is fontos volt, mert Nagymam\u00e1mra eml\u00e9keztettek, ez\u00e9rt gondoltam, hogy egy kalocsai vir\u00e1gcsokrot tervezek \u00e9s h\u00edmzek ki, ez\u00fattal nem pamut fonalakkal, hanem ragyog\u00f3 sz\u00edn\u0171 gy\u00f6ngy\u00f6kkel. A m\u0171 a verseny k\u00fcl\u00f6nd\u00edj\u00e1t nyerte el.<\/p>\n<p>&nbsp;<\/p>\n<p>2. Beading Festival Prague 2024.<\/p>\n<p>A fesztiv\u00e1l alkalm\u00e1val k\u00e9sz\u00edtettem el els\u0151 h\u00edmzett k\u00e9zit\u00e1sk\u00e1mat, amelyet a lila Ametiszt k\u00f6vek, a p\u00e1vak\u00e9k gy\u00f6ngy\u00f6k ihlettek meg. A t\u00e1ska teljes \u00e9rt\u00e9k\u0171 t\u00e1skak\u00e9nt funkci\u00f3n\u00e1l, b\u00e9l\u00e9ssel, bels\u0151 zsebbel \u00e9s f\u00e9m v\u00e1llp\u00e1nttal.<\/p>\n<p><a href=\"https:\/\/keszleragnesdesign.com\/wp-content\/uploads\/2025\/06\/IMG_20240314_150856_1-scaled.jpg\"><img loading=\"lazy\" decoding=\"async\" class=\"aligncenter wp-image-1815\" src=\"https:\/\/keszleragnesdesign.com\/wp-content\/uploads\/2025\/06\/IMG_20240314_150856_1-scaled.jpg\" alt=\"\" width=\"250\" height=\"250\" srcset=\"https:\/\/keszleragnesdesign.com\/wp-content\/uploads\/2025\/06\/IMG_20240314_150856_1-scaled.jpg 2557w, https:\/\/keszleragnesdesign.com\/wp-content\/uploads\/2025\/06\/IMG_20240314_150856_1-300x300.jpg 300w, https:\/\/keszleragnesdesign.com\/wp-content\/uploads\/2025\/06\/IMG_20240314_150856_1-1024x1024.jpg 1024w, https:\/\/keszleragnesdesign.com\/wp-content\/uploads\/2025\/06\/IMG_20240314_150856_1-150x150.jpg 150w, https:\/\/keszleragnesdesign.com\/wp-content\/uploads\/2025\/06\/IMG_20240314_150856_1-768x769.jpg 768w, https:\/\/keszleragnesdesign.com\/wp-content\/uploads\/2025\/06\/IMG_20240314_150856_1-1534x1536.jpg 1534w, https:\/\/keszleragnesdesign.com\/wp-content\/uploads\/2025\/06\/IMG_20240314_150856_1-2046x2048.jpg 2046w, https:\/\/keszleragnesdesign.com\/wp-content\/uploads\/2025\/06\/IMG_20240314_150856_1-1140x1141.jpg 1140w, https:\/\/keszleragnesdesign.com\/wp-content\/uploads\/2025\/06\/IMG_20240314_150856_1-75x75.jpg 75w\" sizes=\"auto, (max-width: 250px) 100vw, 250px\" \/><\/a><\/p>\n<p>Madame de Pompadour nyak\u00e9k<\/p>\n<p>Mindig is elb\u0171v\u00f6lt a rokok\u00f3 korszak dekadenci\u00e1ja, d\u00edszess\u00e9ge, pasztell sz\u00edn\u00e1rnyalataival. A kormeghat\u00e1roz\u00f3 n\u0151i egy\u00e9nis\u00e9g\u00e9nek, Madame de Pompadournak dedik\u00e1ltam ezt a nyak\u00e9ket, amely egy epoxy cameo k\u00f6r\u00e9 \u00e9p\u00fclt, igazgy\u00f6ngy\u00f6ket, tekla gy\u00f6ngy\u00f6ket, krist\u00e1lyokat \u00e9s tengernyi k\u00e1sagy\u00f6ngy\u00f6t felvonultatva.<\/p>\n<p>Mindk\u00e9t alkot\u00e1s a verseny 20 kiemelt d\u00edjazottja k\u00f6z\u00f6tt v\u00e9gzett.<\/p>\n<p><a href=\"https:\/\/keszleragnesdesign.com\/wp-content\/uploads\/2025\/06\/IMG_20210605_114718_1-scaled.jpg\"><img loading=\"lazy\" decoding=\"async\" class=\"aligncenter wp-image-1816\" src=\"https:\/\/keszleragnesdesign.com\/wp-content\/uploads\/2025\/06\/IMG_20210605_114718_1-scaled.jpg\" alt=\"\" width=\"296\" height=\"394\" srcset=\"https:\/\/keszleragnesdesign.com\/wp-content\/uploads\/2025\/06\/IMG_20210605_114718_1-scaled.jpg 1920w, https:\/\/keszleragnesdesign.com\/wp-content\/uploads\/2025\/06\/IMG_20210605_114718_1-225x300.jpg 225w, https:\/\/keszleragnesdesign.com\/wp-content\/uploads\/2025\/06\/IMG_20210605_114718_1-768x1024.jpg 768w, https:\/\/keszleragnesdesign.com\/wp-content\/uploads\/2025\/06\/IMG_20210605_114718_1-1152x1536.jpg 1152w, https:\/\/keszleragnesdesign.com\/wp-content\/uploads\/2025\/06\/IMG_20210605_114718_1-1536x2048.jpg 1536w, https:\/\/keszleragnesdesign.com\/wp-content\/uploads\/2025\/06\/IMG_20210605_114718_1-1140x1520.jpg 1140w\" sizes=\"auto, (max-width: 296px) 100vw, 296px\" \/><\/a><\/p>\n<p>3. Battle of the Beadsmith 2024: A tavaszra v\u00e1rva<\/p>\n<p>2024-ben el\u0151sz\u00f6r vettem r\u00e9szt ezen a rangos nemzetk\u00f6zi versenyen,a melyre egy term\u00e9szet ihlett nyak\u00e9kkel k\u00e9sz\u00fcltem. A nyak\u00e9k azt a pillanatot ragadja meg, amikor a t\u00e9l m\u00e9g teljes erej\u00e9b\u0151l mark\u00e1ban szor\u00edtja a term\u00e9szetet, de m\u00e1r a tavasz k\u00f6zeledt\u00e9nek mutatkoznak jelei, amibe, mint egy rem\u00e9nysug\u00e1rba kapaszkodnak az \u00e9l\u0151vil\u00e1g k\u00e9pvisel\u0151i. A nyak\u00e9k shibori herny\u00f3selyem elemekb\u0151l, \u00e9kk\u0151 kabosonokb\u00f3l krist\u00e1lyokb\u00f3l, \u00e9s tengernyi k\u00e1sagy\u00f6ngyb\u0151l \u00e9p\u00fcl fel.<\/p>\n<p>Az alkot\u00e1s a verseny m\u00e1sodik fordul\u00f3j\u00e1ig jutott el.<\/p>\n<p><a href=\"https:\/\/keszleragnesdesign.com\/wp-content\/uploads\/2025\/06\/NAnd_S1_06919_1-scaled.jpg\"><img loading=\"lazy\" decoding=\"async\" class=\"wp-image-1818 aligncenter\" src=\"https:\/\/keszleragnesdesign.com\/wp-content\/uploads\/2025\/06\/NAnd_S1_06919_1-scaled.jpg\" alt=\"\" width=\"332\" height=\"221\" srcset=\"https:\/\/keszleragnesdesign.com\/wp-content\/uploads\/2025\/06\/NAnd_S1_06919_1-scaled.jpg 2560w, https:\/\/keszleragnesdesign.com\/wp-content\/uploads\/2025\/06\/NAnd_S1_06919_1-300x200.jpg 300w, https:\/\/keszleragnesdesign.com\/wp-content\/uploads\/2025\/06\/NAnd_S1_06919_1-1024x683.jpg 1024w, https:\/\/keszleragnesdesign.com\/wp-content\/uploads\/2025\/06\/NAnd_S1_06919_1-768x512.jpg 768w, https:\/\/keszleragnesdesign.com\/wp-content\/uploads\/2025\/06\/NAnd_S1_06919_1-1536x1024.jpg 1536w, https:\/\/keszleragnesdesign.com\/wp-content\/uploads\/2025\/06\/NAnd_S1_06919_1-2048x1365.jpg 2048w, https:\/\/keszleragnesdesign.com\/wp-content\/uploads\/2025\/06\/NAnd_S1_06919_1-1140x760.jpg 1140w\" sizes=\"auto, (max-width: 332px) 100vw, 332px\" \/><\/a><a href=\"https:\/\/keszleragnesdesign.com\/wp-content\/uploads\/2025\/06\/NAnd_S1_06914_1-scaled.jpg\"><img loading=\"lazy\" decoding=\"async\" class=\"wp-image-1817 alignnone aligncenter\" src=\"https:\/\/keszleragnesdesign.com\/wp-content\/uploads\/2025\/06\/NAnd_S1_06914_1-scaled.jpg\" alt=\"\" width=\"314\" height=\"209\" srcset=\"https:\/\/keszleragnesdesign.com\/wp-content\/uploads\/2025\/06\/NAnd_S1_06914_1-scaled.jpg 2560w, https:\/\/keszleragnesdesign.com\/wp-content\/uploads\/2025\/06\/NAnd_S1_06914_1-300x200.jpg 300w, https:\/\/keszleragnesdesign.com\/wp-content\/uploads\/2025\/06\/NAnd_S1_06914_1-1024x683.jpg 1024w, https:\/\/keszleragnesdesign.com\/wp-content\/uploads\/2025\/06\/NAnd_S1_06914_1-768x512.jpg 768w, https:\/\/keszleragnesdesign.com\/wp-content\/uploads\/2025\/06\/NAnd_S1_06914_1-1536x1024.jpg 1536w, https:\/\/keszleragnesdesign.com\/wp-content\/uploads\/2025\/06\/NAnd_S1_06914_1-2048x1365.jpg 2048w, https:\/\/keszleragnesdesign.com\/wp-content\/uploads\/2025\/06\/NAnd_S1_06914_1-1140x760.jpg 1140w\" sizes=\"auto, (max-width: 314px) 100vw, 314px\" \/><\/a><a href=\"https:\/\/keszleragnesdesign.com\/wp-content\/uploads\/2025\/06\/NAnd_S1_08517_1-scaled.jpg\"><img loading=\"lazy\" decoding=\"async\" class=\"aligncenter size-full wp-image-1819\" src=\"https:\/\/keszleragnesdesign.com\/wp-content\/uploads\/2025\/06\/NAnd_S1_08517_1-scaled.jpg\" alt=\"\" width=\"1707\" height=\"2560\" srcset=\"https:\/\/keszleragnesdesign.com\/wp-content\/uploads\/2025\/06\/NAnd_S1_08517_1-scaled.jpg 1707w, https:\/\/keszleragnesdesign.com\/wp-content\/uploads\/2025\/06\/NAnd_S1_08517_1-200x300.jpg 200w, https:\/\/keszleragnesdesign.com\/wp-content\/uploads\/2025\/06\/NAnd_S1_08517_1-683x1024.jpg 683w, https:\/\/keszleragnesdesign.com\/wp-content\/uploads\/2025\/06\/NAnd_S1_08517_1-768x1152.jpg 768w, https:\/\/keszleragnesdesign.com\/wp-content\/uploads\/2025\/06\/NAnd_S1_08517_1-1024x1536.jpg 1024w, https:\/\/keszleragnesdesign.com\/wp-content\/uploads\/2025\/06\/NAnd_S1_08517_1-1365x2048.jpg 1365w, https:\/\/keszleragnesdesign.com\/wp-content\/uploads\/2025\/06\/NAnd_S1_08517_1-1140x1710.jpg 1140w\" sizes=\"auto, (max-width: 1707px) 100vw, 1707px\" \/><\/a>4. Beading Festival Prague 2025.<\/p>\n<p>Id\u00e9n a fesztiv\u00e1lon k\u00e9t verseny is ki\u00edr\u00e1sra ker\u00fclt.<\/p>\n<p><a href=\"https:\/\/keszleragnesdesign.com\/wp-content\/uploads\/2025\/06\/viber_kep_2025-06-09_23-47-28-550.jpg\"><img loading=\"lazy\" decoding=\"async\" class=\"aligncenter size-full wp-image-1820\" src=\"https:\/\/keszleragnesdesign.com\/wp-content\/uploads\/2025\/06\/viber_kep_2025-06-09_23-47-28-550.jpg\" alt=\"\" width=\"1600\" height=\"1599\" srcset=\"https:\/\/keszleragnesdesign.com\/wp-content\/uploads\/2025\/06\/viber_kep_2025-06-09_23-47-28-550.jpg 1600w, https:\/\/keszleragnesdesign.com\/wp-content\/uploads\/2025\/06\/viber_kep_2025-06-09_23-47-28-550-300x300.jpg 300w, https:\/\/keszleragnesdesign.com\/wp-content\/uploads\/2025\/06\/viber_kep_2025-06-09_23-47-28-550-1024x1024.jpg 1024w, https:\/\/keszleragnesdesign.com\/wp-content\/uploads\/2025\/06\/viber_kep_2025-06-09_23-47-28-550-150x150.jpg 150w, https:\/\/keszleragnesdesign.com\/wp-content\/uploads\/2025\/06\/viber_kep_2025-06-09_23-47-28-550-768x768.jpg 768w, https:\/\/keszleragnesdesign.com\/wp-content\/uploads\/2025\/06\/viber_kep_2025-06-09_23-47-28-550-1536x1536.jpg 1536w, https:\/\/keszleragnesdesign.com\/wp-content\/uploads\/2025\/06\/viber_kep_2025-06-09_23-47-28-550-1140x1139.jpg 1140w, https:\/\/keszleragnesdesign.com\/wp-content\/uploads\/2025\/06\/viber_kep_2025-06-09_23-47-28-550-75x75.jpg 75w\" sizes=\"auto, (max-width: 1600px) 100vw, 1600px\" \/><\/a><\/p>\n<p>A BCV Glass \u00e1ltal szponzor\u00e1lt versenyre ezt a f\u0171z\u00f6tt bogy\u00f3kb\u00f3l, \u00e9s egy\u00e9b elemekb\u0151l \u00f6sszekapcsol\u00f3d\u00f3 rendk\u00edv\u00fcl eleg\u00e1ns f\u0171z\u00f6tt nyak\u00e9ket k\u00e9sz\u00edtettem. A nyak\u00e9k a 20 kiemelt alkot\u00e1sok k\u00f6z\u00f6tt szerepelt.<\/p>\n<p><a href=\"https:\/\/keszleragnesdesign.com\/wp-content\/uploads\/2025\/06\/viber_kep_2025-06-09_23-47-28-686.jpg\"><img loading=\"lazy\" decoding=\"async\" class=\"aligncenter size-full wp-image-1821\" src=\"https:\/\/keszleragnesdesign.com\/wp-content\/uploads\/2025\/06\/viber_kep_2025-06-09_23-47-28-686.jpg\" alt=\"\" width=\"1207\" height=\"1600\" srcset=\"https:\/\/keszleragnesdesign.com\/wp-content\/uploads\/2025\/06\/viber_kep_2025-06-09_23-47-28-686.jpg 1207w, https:\/\/keszleragnesdesign.com\/wp-content\/uploads\/2025\/06\/viber_kep_2025-06-09_23-47-28-686-226x300.jpg 226w, https:\/\/keszleragnesdesign.com\/wp-content\/uploads\/2025\/06\/viber_kep_2025-06-09_23-47-28-686-772x1024.jpg 772w, https:\/\/keszleragnesdesign.com\/wp-content\/uploads\/2025\/06\/viber_kep_2025-06-09_23-47-28-686-768x1018.jpg 768w, https:\/\/keszleragnesdesign.com\/wp-content\/uploads\/2025\/06\/viber_kep_2025-06-09_23-47-28-686-1159x1536.jpg 1159w, https:\/\/keszleragnesdesign.com\/wp-content\/uploads\/2025\/06\/viber_kep_2025-06-09_23-47-28-686-1140x1511.jpg 1140w\" sizes=\"auto, (max-width: 1207px) 100vw, 1207px\" \/><\/a><\/p>\n<p>A Les Perles par Puca c\u00e9g \u00e1ltal szponzor\u00e1lt \u00e9s a szervez\u0151 egyes\u00fclet \u00e1ltal ki\u00edrt versenyre k\u00e9sz\u00fclt a mandal\u00e1s h\u00e1tizs\u00e1kom.<\/p>\n<p><strong>Toho Challenge 2025<\/strong><\/p>\n<p>M\u00e1r r\u00e9g szerettem volna ezen a versenyen, megm\u00e9rettet\u00e9sen r\u00e9szt venni. Az \u00e9venk\u00e9nt megrendezett kih\u00edv\u00e1sban egy adott t\u00e9m\u00e1ban, kedv\u00fck szerinti m\u0171alkot\u00e1st alkotnak az adott sz\u00edn\u00e1rnyalat\u00fa gy\u00f6ngy\u00f6kb\u0151l a ki\u00edv\u00e1st elfogad\u00f3k.<\/p>\n<p>Sz\u00e1momra leny\u0171g\u00f6z\u0151 volt a sonora-sivatagi t\u00e1j sz\u00e9ps\u00e9ge, gazdags\u00e1ga, a benne \u00e9l\u0151 \u00e9l\u0151l\u00e9nyek, \u00edgy egy t\u00e1jk\u00e9pet \u00e1lmodtam meg, gy\u00f6ngy\u00f6kb\u0151l, egy t\u00e1ska frontj\u00e1ra. A h\u00e1tulj\u00e1ra csod\u00e1s mandal\u00e1t alkottam. A t\u00e1ska &#8211; a t\u00f6bbi t\u00e1sk\u00e1hoz hasonl\u00f3an &#8211; teljes\u00e9rt\u00e9k\u0171 kist\u00e1skak\u00e9nt is tud funkcion\u00e1lni a b\u00e9l\u00e9snek, zipz\u00e1rnak \u00e9s a p\u00e1ntnak k\u00f6sz\u00f6nhet\u0151en.<\/p>\n<p><a href=\"https:\/\/keszleragnesdesign.com\/wp-content\/uploads\/2025\/09\/IMG_20250818_205229_edit_355604807369449_1-1-scaled.jpg\"><img loading=\"lazy\" decoding=\"async\" class=\"aligncenter size-full wp-image-1921\" src=\"https:\/\/keszleragnesdesign.com\/wp-content\/uploads\/2025\/09\/IMG_20250818_205229_edit_355604807369449_1-1-scaled.jpg\" alt=\"\" width=\"2560\" height=\"2313\" srcset=\"https:\/\/keszleragnesdesign.com\/wp-content\/uploads\/2025\/09\/IMG_20250818_205229_edit_355604807369449_1-1-scaled.jpg 2560w, https:\/\/keszleragnesdesign.com\/wp-content\/uploads\/2025\/09\/IMG_20250818_205229_edit_355604807369449_1-1-300x271.jpg 300w, https:\/\/keszleragnesdesign.com\/wp-content\/uploads\/2025\/09\/IMG_20250818_205229_edit_355604807369449_1-1-1024x925.jpg 1024w, https:\/\/keszleragnesdesign.com\/wp-content\/uploads\/2025\/09\/IMG_20250818_205229_edit_355604807369449_1-1-768x694.jpg 768w, https:\/\/keszleragnesdesign.com\/wp-content\/uploads\/2025\/09\/IMG_20250818_205229_edit_355604807369449_1-1-1536x1388.jpg 1536w, https:\/\/keszleragnesdesign.com\/wp-content\/uploads\/2025\/09\/IMG_20250818_205229_edit_355604807369449_1-1-2048x1850.jpg 2048w, https:\/\/keszleragnesdesign.com\/wp-content\/uploads\/2025\/09\/IMG_20250818_205229_edit_355604807369449_1-1-1140x1030.jpg 1140w\" sizes=\"auto, (max-width: 2560px) 100vw, 2560px\" \/><\/a><\/p>\n<p><a href=\"https:\/\/keszleragnesdesign.com\/wp-content\/uploads\/2025\/09\/IMG_20250818_205253_edit_355574901697325_1-2-scaled.jpg\"><img loading=\"lazy\" decoding=\"async\" class=\"aligncenter size-full wp-image-1923\" src=\"https:\/\/keszleragnesdesign.com\/wp-content\/uploads\/2025\/09\/IMG_20250818_205253_edit_355574901697325_1-2-scaled.jpg\" alt=\"\" width=\"2560\" height=\"2242\" srcset=\"https:\/\/keszleragnesdesign.com\/wp-content\/uploads\/2025\/09\/IMG_20250818_205253_edit_355574901697325_1-2-scaled.jpg 2560w, https:\/\/keszleragnesdesign.com\/wp-content\/uploads\/2025\/09\/IMG_20250818_205253_edit_355574901697325_1-2-300x263.jpg 300w, https:\/\/keszleragnesdesign.com\/wp-content\/uploads\/2025\/09\/IMG_20250818_205253_edit_355574901697325_1-2-1024x897.jpg 1024w, https:\/\/keszleragnesdesign.com\/wp-content\/uploads\/2025\/09\/IMG_20250818_205253_edit_355574901697325_1-2-768x672.jpg 768w, https:\/\/keszleragnesdesign.com\/wp-content\/uploads\/2025\/09\/IMG_20250818_205253_edit_355574901697325_1-2-1536x1345.jpg 1536w, https:\/\/keszleragnesdesign.com\/wp-content\/uploads\/2025\/09\/IMG_20250818_205253_edit_355574901697325_1-2-2048x1793.jpg 2048w, https:\/\/keszleragnesdesign.com\/wp-content\/uploads\/2025\/09\/IMG_20250818_205253_edit_355574901697325_1-2-1140x998.jpg 1140w\" sizes=\"auto, (max-width: 2560px) 100vw, 2560px\" \/><\/a><\/p>\n<p>&nbsp;<\/p>\n","protected":false},"excerpt":{"rendered":"<p>Mint minden m\u0171v\u00e9sz, \u00e9n is szeretem megm\u00e9retni magam a t\u00f6bbi alkot\u00f3val. Alkot\u00e1saim f\u0151leg gy\u00f6ngyh\u00edmz\u00e9si technik\u00e1val k\u00e9sz\u00fclnek. Ezek a m\u0171vek &#8211; hisz mind nagys\u00e1guk, mind a r\u00e1juk ford\u00edtott id\u0151, energia, felhaszn\u00e1lt csod\u00e1s alapanyagok miatt m\u00e1snak nem is lehet \u0151ket nevezni &#8211; mindig h\u0171en t\u00fckr\u00f6zik az adott verseny ki\u00edr\u00e1sa biztos\u00edtotta t\u00e9m\u00e1t, technikai elv\u00e1r\u00e1sokat, anyaghaszn\u00e1latot, hangulatot. Kalocsai h\u00edmzett nyak\u00e9k \u00e9s kieg\u00e9sz\u00edt\u0151k: A Debreceni D\u00e9ri M\u00fazeum \u00e1ltal ki\u00edrt p\u00e1ly\u00e1zatra k\u00e9sz\u00edtettem, gy\u00f6ngyh\u00edmz\u00e9sese technik\u00e1val. A p\u00e1ly\u00e1zat olyan m\u0171veket v\u00e1rt, amelyekben a magyar n\u00e9pm\u0171v\u00e9szet gazdag formavil\u00e1ga jelenik meg modern, ma viselhet\u0151 \u00e9kszerekben. Mivel sz\u00e1momra a kalocsai h\u00edmz\u00e9s, a kalocsai vir\u00e1gok sz\u00edngazdags\u00e1ga mindig is fontos volt, mert Nagymam\u00e1mra eml\u00e9keztettek, ez\u00e9rt gondoltam, hogy egy kalocsai vir\u00e1gcsokrot tervezek \u00e9s h\u00edmzek ki, ez\u00fattal nem pamut fonalakkal, hanem ragyog\u00f3 sz\u00edn\u0171 gy\u00f6ngy\u00f6kkel. A m\u0171 a verseny k\u00fcl\u00f6nd\u00edj\u00e1t nyerte el. &nbsp; 2. Beading Festival Prague 2024. A fesztiv\u00e1l alkalm\u00e1val k\u00e9sz\u00edtettem el els\u0151 h\u00edmzett k\u00e9zit\u00e1sk\u00e1mat, amelyet a lila Ametiszt k\u00f6vek, a p\u00e1vak\u00e9k gy\u00f6ngy\u00f6k ihlettek meg. A t\u00e1ska teljes \u00e9rt\u00e9k\u0171 t\u00e1skak\u00e9nt funkci\u00f3n\u00e1l, b\u00e9l\u00e9ssel, bels\u0151 zsebbel \u00e9s f\u00e9m v\u00e1llp\u00e1nttal. Madame de Pompadour nyak\u00e9k Mindig is elb\u0171v\u00f6lt a rokok\u00f3 korszak dekadenci\u00e1ja, d\u00edszess\u00e9ge, pasztell sz\u00edn\u00e1rnyalataival. A kormeghat\u00e1roz\u00f3 n\u0151i egy\u00e9nis\u00e9g\u00e9nek, Madame de Pompadournak dedik\u00e1ltam ezt a nyak\u00e9ket, amely egy epoxy cameo k\u00f6r\u00e9 \u00e9p\u00fclt, igazgy\u00f6ngy\u00f6ket, tekla gy\u00f6ngy\u00f6ket, krist\u00e1lyokat \u00e9s tengernyi k\u00e1sagy\u00f6ngy\u00f6t felvonultatva. Mindk\u00e9t alkot\u00e1s a verseny 20 kiemelt d\u00edjazottja k\u00f6z\u00f6tt v\u00e9gzett. 3. Battle of the Beadsmith 2024: A tavaszra v\u00e1rva 2024-ben el\u0151sz\u00f6r vettem r\u00e9szt ezen a rangos nemzetk\u00f6zi versenyen,a melyre egy term\u00e9szet ihlett nyak\u00e9kkel k\u00e9sz\u00fcltem. A nyak\u00e9k azt a pillanatot ragadja meg, amikor a t\u00e9l m\u00e9g teljes erej\u00e9b\u0151l mark\u00e1ban szor\u00edtja a term\u00e9szetet, de m\u00e1r a tavasz k\u00f6zeledt\u00e9nek mutatkoznak jelei, amibe, mint egy rem\u00e9nysug\u00e1rba kapaszkodnak az \u00e9l\u0151vil\u00e1g k\u00e9pvisel\u0151i. A nyak\u00e9k shibori herny\u00f3selyem elemekb\u0151l, \u00e9kk\u0151 kabosonokb\u00f3l krist\u00e1lyokb\u00f3l, \u00e9s tengernyi k\u00e1sagy\u00f6ngyb\u0151l \u00e9p\u00fcl fel. Az alkot\u00e1s a verseny m\u00e1sodik fordul\u00f3j\u00e1ig jutott el. 4. Beading Festival Prague 2025. Id\u00e9n a fesztiv\u00e1lon k\u00e9t verseny is ki\u00edr\u00e1sra ker\u00fclt. A BCV Glass \u00e1ltal szponzor\u00e1lt versenyre ezt a f\u0171z\u00f6tt bogy\u00f3kb\u00f3l, \u00e9s egy\u00e9b elemekb\u0151l \u00f6sszekapcsol\u00f3d\u00f3 rendk\u00edv\u00fcl eleg\u00e1ns f\u0171z\u00f6tt nyak\u00e9ket k\u00e9sz\u00edtettem. A nyak\u00e9k a 20 kiemelt alkot\u00e1sok k\u00f6z\u00f6tt szerepelt. A Les Perles par Puca c\u00e9g \u00e1ltal szponzor\u00e1lt \u00e9s a szervez\u0151 egyes\u00fclet \u00e1ltal ki\u00edrt versenyre k\u00e9sz\u00fclt a mandal\u00e1s h\u00e1tizs\u00e1kom. Toho Challenge 2025 M\u00e1r r\u00e9g szerettem volna ezen a versenyen, megm\u00e9rettet\u00e9sen r\u00e9szt venni. Az \u00e9venk\u00e9nt megrendezett kih\u00edv\u00e1sban egy adott t\u00e9m\u00e1ban, kedv\u00fck szerinti m\u0171alkot\u00e1st alkotnak az adott sz\u00edn\u00e1rnyalat\u00fa gy\u00f6ngy\u00f6kb\u0151l a ki\u00edv\u00e1st elfogad\u00f3k. Sz\u00e1momra leny\u0171g\u00f6z\u0151 volt a sonora-sivatagi t\u00e1j sz\u00e9ps\u00e9ge, gazdags\u00e1ga, a benne \u00e9l\u0151 \u00e9l\u0151l\u00e9nyek, \u00edgy egy t\u00e1jk\u00e9pet \u00e1lmodtam meg, gy\u00f6ngy\u00f6kb\u0151l, egy t\u00e1ska frontj\u00e1ra. A h\u00e1tulj\u00e1ra csod\u00e1s mandal\u00e1t alkottam. A t\u00e1ska &#8211; a t\u00f6bbi t\u00e1sk\u00e1hoz hasonl\u00f3an &#8211; teljes\u00e9rt\u00e9k\u0171 kist\u00e1skak\u00e9nt is tud funkcion\u00e1lni a b\u00e9l\u00e9snek, zipz\u00e1rnak \u00e9s a p\u00e1ntnak k\u00f6sz\u00f6nhet\u0151en. &nbsp;<\/p>\n","protected":false},"author":1,"featured_media":0,"parent":0,"menu_order":0,"comment_status":"closed","ping_status":"closed","template":"","meta":{"footnotes":""},"class_list":["post-1813","page","type-page","status-publish","hentry"],"jetpack_sharing_enabled":true,"_links":{"self":[{"href":"https:\/\/keszleragnesdesign.com\/index.php\/wp-json\/wp\/v2\/pages\/1813","targetHints":{"allow":["GET"]}}],"collection":[{"href":"https:\/\/keszleragnesdesign.com\/index.php\/wp-json\/wp\/v2\/pages"}],"about":[{"href":"https:\/\/keszleragnesdesign.com\/index.php\/wp-json\/wp\/v2\/types\/page"}],"author":[{"embeddable":true,"href":"https:\/\/keszleragnesdesign.com\/index.php\/wp-json\/wp\/v2\/users\/1"}],"replies":[{"embeddable":true,"href":"https:\/\/keszleragnesdesign.com\/index.php\/wp-json\/wp\/v2\/comments?post=1813"}],"version-history":[{"count":6,"href":"https:\/\/keszleragnesdesign.com\/index.php\/wp-json\/wp\/v2\/pages\/1813\/revisions"}],"predecessor-version":[{"id":1926,"href":"https:\/\/keszleragnesdesign.com\/index.php\/wp-json\/wp\/v2\/pages\/1813\/revisions\/1926"}],"wp:attachment":[{"href":"https:\/\/keszleragnesdesign.com\/index.php\/wp-json\/wp\/v2\/media?parent=1813"}],"curies":[{"name":"wp","href":"https:\/\/api.w.org\/{rel}","templated":true}]}}