{"id":2059,"date":"2026-03-05T20:06:24","date_gmt":"2026-03-05T20:06:24","guid":{"rendered":"https:\/\/keszleragnesdesign.com\/?page_id=2059"},"modified":"2026-03-05T20:06:24","modified_gmt":"2026-03-05T20:06:24","slug":"kokarda","status":"publish","type":"page","link":"https:\/\/keszleragnesdesign.com\/index.php\/kokarda\/","title":{"rendered":"Kok\u00e1rda"},"content":{"rendered":"<p>Minden \u00e9vben vannak kit\u00fcntetett pillanatok, amikor magyars\u00e1gunkat szeretn\u00e9nk kifejezni. Ilyen a M\u00e1rcius 15-i \u00fcnnep is, amikor nemzeti sz\u00edn\u0171 szalagb\u00f3l k\u00e9sz\u00fclt kok\u00e1rd\u00e1t, vagy egy\u00e9b nemzeti sz\u00edn\u0171 kieg\u00e9sz\u00edt\u0151t visel\u00fcnk.<\/p>\n<p>Ez alkalmakra k\u00edn\u00e1lok gy\u00f6ngyb\u0151l k\u00e9sz\u00fclt alternat\u00edv\u00e1kat, amelyet nemzeti sz\u00ednekben k\u00e9sz\u00edtek, \u00e9s t\u00f6k\u00e9letes kieg\u00e9sz\u00edt\u0151i az \u00fcnnepi viseletnek.<\/p>\n<p>Aktu\u00e1lis k\u00e9szlet\u00e9rt, k\u00e9rem, \u00e9rdekl\u0151dj\u00f6n a kapcsolat men\u00fcpont alatt, vagy a chat f\u00fcln\u00e9l.<\/p>\n<p>Gy\u00f6ngyb\u0151l k\u00e9sz\u00fclt nemzeti sz\u00edn\u0171 kerek brossok (kok\u00e1rd\u00e1k). K\u00e9rhet\u0151k t\u0171s \u00e9s m\u00e1gneses kivitelben.<\/p>\n<p><a href=\"https:\/\/keszleragnesdesign.com\/wp-content\/uploads\/2026\/03\/IMG_20260205_174328_edit_141475740118686-scaled.jpg\"><img loading=\"lazy\" decoding=\"async\" class=\"aligncenter  wp-image-2060\" src=\"https:\/\/keszleragnesdesign.com\/wp-content\/uploads\/2026\/03\/IMG_20260205_174328_edit_141475740118686-scaled.jpg\" alt=\"\" width=\"279\" height=\"279\" srcset=\"https:\/\/keszleragnesdesign.com\/wp-content\/uploads\/2026\/03\/IMG_20260205_174328_edit_141475740118686-scaled.jpg 2560w, https:\/\/keszleragnesdesign.com\/wp-content\/uploads\/2026\/03\/IMG_20260205_174328_edit_141475740118686-300x300.jpg 300w, https:\/\/keszleragnesdesign.com\/wp-content\/uploads\/2026\/03\/IMG_20260205_174328_edit_141475740118686-1024x1024.jpg 1024w, https:\/\/keszleragnesdesign.com\/wp-content\/uploads\/2026\/03\/IMG_20260205_174328_edit_141475740118686-150x150.jpg 150w, https:\/\/keszleragnesdesign.com\/wp-content\/uploads\/2026\/03\/IMG_20260205_174328_edit_141475740118686-768x768.jpg 768w, https:\/\/keszleragnesdesign.com\/wp-content\/uploads\/2026\/03\/IMG_20260205_174328_edit_141475740118686-1536x1536.jpg 1536w, https:\/\/keszleragnesdesign.com\/wp-content\/uploads\/2026\/03\/IMG_20260205_174328_edit_141475740118686-2048x2048.jpg 2048w, https:\/\/keszleragnesdesign.com\/wp-content\/uploads\/2026\/03\/IMG_20260205_174328_edit_141475740118686-1140x1140.jpg 1140w, https:\/\/keszleragnesdesign.com\/wp-content\/uploads\/2026\/03\/IMG_20260205_174328_edit_141475740118686-75x75.jpg 75w\" sizes=\"auto, (max-width: 279px) 100vw, 279px\" \/><\/a><\/p>\n<p><a href=\"https:\/\/keszleragnesdesign.com\/wp-content\/uploads\/2026\/03\/IMG_20260305_164931_edit_367796799523393-scaled.jpg\"><img loading=\"lazy\" decoding=\"async\" class=\"wp-image-2062 alignleft\" src=\"https:\/\/keszleragnesdesign.com\/wp-content\/uploads\/2026\/03\/IMG_20260305_164931_edit_367796799523393-scaled.jpg\" alt=\"\" width=\"273\" height=\"273\" srcset=\"https:\/\/keszleragnesdesign.com\/wp-content\/uploads\/2026\/03\/IMG_20260305_164931_edit_367796799523393-scaled.jpg 2560w, https:\/\/keszleragnesdesign.com\/wp-content\/uploads\/2026\/03\/IMG_20260305_164931_edit_367796799523393-300x300.jpg 300w, https:\/\/keszleragnesdesign.com\/wp-content\/uploads\/2026\/03\/IMG_20260305_164931_edit_367796799523393-1024x1024.jpg 1024w, https:\/\/keszleragnesdesign.com\/wp-content\/uploads\/2026\/03\/IMG_20260305_164931_edit_367796799523393-150x150.jpg 150w, https:\/\/keszleragnesdesign.com\/wp-content\/uploads\/2026\/03\/IMG_20260305_164931_edit_367796799523393-768x768.jpg 768w, https:\/\/keszleragnesdesign.com\/wp-content\/uploads\/2026\/03\/IMG_20260305_164931_edit_367796799523393-1536x1536.jpg 1536w, https:\/\/keszleragnesdesign.com\/wp-content\/uploads\/2026\/03\/IMG_20260305_164931_edit_367796799523393-2048x2048.jpg 2048w, https:\/\/keszleragnesdesign.com\/wp-content\/uploads\/2026\/03\/IMG_20260305_164931_edit_367796799523393-1140x1140.jpg 1140w, https:\/\/keszleragnesdesign.com\/wp-content\/uploads\/2026\/03\/IMG_20260305_164931_edit_367796799523393-75x75.jpg 75w\" sizes=\"auto, (max-width: 273px) 100vw, 273px\" \/><\/a><a href=\"https:\/\/keszleragnesdesign.com\/wp-content\/uploads\/2026\/03\/IMG_20260305_164939_edit_367742373750341_1-scaled.jpg\"><img loading=\"lazy\" decoding=\"async\" class=\"wp-image-2063 alignleft\" src=\"https:\/\/keszleragnesdesign.com\/wp-content\/uploads\/2026\/03\/IMG_20260305_164939_edit_367742373750341_1-scaled.jpg\" alt=\"\" width=\"279\" height=\"279\" srcset=\"https:\/\/keszleragnesdesign.com\/wp-content\/uploads\/2026\/03\/IMG_20260305_164939_edit_367742373750341_1-scaled.jpg 2560w, https:\/\/keszleragnesdesign.com\/wp-content\/uploads\/2026\/03\/IMG_20260305_164939_edit_367742373750341_1-300x300.jpg 300w, https:\/\/keszleragnesdesign.com\/wp-content\/uploads\/2026\/03\/IMG_20260305_164939_edit_367742373750341_1-1024x1024.jpg 1024w, https:\/\/keszleragnesdesign.com\/wp-content\/uploads\/2026\/03\/IMG_20260305_164939_edit_367742373750341_1-150x150.jpg 150w, https:\/\/keszleragnesdesign.com\/wp-content\/uploads\/2026\/03\/IMG_20260305_164939_edit_367742373750341_1-768x768.jpg 768w, https:\/\/keszleragnesdesign.com\/wp-content\/uploads\/2026\/03\/IMG_20260305_164939_edit_367742373750341_1-1536x1536.jpg 1536w, https:\/\/keszleragnesdesign.com\/wp-content\/uploads\/2026\/03\/IMG_20260305_164939_edit_367742373750341_1-2048x2048.jpg 2048w, https:\/\/keszleragnesdesign.com\/wp-content\/uploads\/2026\/03\/IMG_20260305_164939_edit_367742373750341_1-1140x1140.jpg 1140w, https:\/\/keszleragnesdesign.com\/wp-content\/uploads\/2026\/03\/IMG_20260305_164939_edit_367742373750341_1-75x75.jpg 75w\" sizes=\"auto, (max-width: 279px) 100vw, 279px\" \/><\/a><a href=\"https:\/\/keszleragnesdesign.com\/wp-content\/uploads\/2026\/03\/IMG_20260305_165450_edit_367732766379719_1-scaled.jpg\"><img loading=\"lazy\" decoding=\"async\" class=\"wp-image-2064 alignleft\" src=\"https:\/\/keszleragnesdesign.com\/wp-content\/uploads\/2026\/03\/IMG_20260305_165450_edit_367732766379719_1-scaled.jpg\" alt=\"\" width=\"289\" height=\"289\" srcset=\"https:\/\/keszleragnesdesign.com\/wp-content\/uploads\/2026\/03\/IMG_20260305_165450_edit_367732766379719_1-scaled.jpg 2560w, https:\/\/keszleragnesdesign.com\/wp-content\/uploads\/2026\/03\/IMG_20260305_165450_edit_367732766379719_1-300x300.jpg 300w, https:\/\/keszleragnesdesign.com\/wp-content\/uploads\/2026\/03\/IMG_20260305_165450_edit_367732766379719_1-1024x1024.jpg 1024w, https:\/\/keszleragnesdesign.com\/wp-content\/uploads\/2026\/03\/IMG_20260305_165450_edit_367732766379719_1-150x150.jpg 150w, https:\/\/keszleragnesdesign.com\/wp-content\/uploads\/2026\/03\/IMG_20260305_165450_edit_367732766379719_1-768x768.jpg 768w, https:\/\/keszleragnesdesign.com\/wp-content\/uploads\/2026\/03\/IMG_20260305_165450_edit_367732766379719_1-1536x1536.jpg 1536w, https:\/\/keszleragnesdesign.com\/wp-content\/uploads\/2026\/03\/IMG_20260305_165450_edit_367732766379719_1-2048x2048.jpg 2048w, https:\/\/keszleragnesdesign.com\/wp-content\/uploads\/2026\/03\/IMG_20260305_165450_edit_367732766379719_1-1140x1140.jpg 1140w, https:\/\/keszleragnesdesign.com\/wp-content\/uploads\/2026\/03\/IMG_20260305_165450_edit_367732766379719_1-75x75.jpg 75w\" sizes=\"auto, (max-width: 289px) 100vw, 289px\" \/><\/a><a href=\"https:\/\/keszleragnesdesign.com\/wp-content\/uploads\/2026\/03\/IMG_20260305_165501_edit_367590989298732_1-scaled.jpg\"><img loading=\"lazy\" decoding=\"async\" class=\"aligncenter  wp-image-2065\" src=\"https:\/\/keszleragnesdesign.com\/wp-content\/uploads\/2026\/03\/IMG_20260305_165501_edit_367590989298732_1-scaled.jpg\" alt=\"\" width=\"332\" height=\"268\" srcset=\"https:\/\/keszleragnesdesign.com\/wp-content\/uploads\/2026\/03\/IMG_20260305_165501_edit_367590989298732_1-scaled.jpg 2560w, https:\/\/keszleragnesdesign.com\/wp-content\/uploads\/2026\/03\/IMG_20260305_165501_edit_367590989298732_1-300x242.jpg 300w, https:\/\/keszleragnesdesign.com\/wp-content\/uploads\/2026\/03\/IMG_20260305_165501_edit_367590989298732_1-1024x825.jpg 1024w, https:\/\/keszleragnesdesign.com\/wp-content\/uploads\/2026\/03\/IMG_20260305_165501_edit_367590989298732_1-768x619.jpg 768w, https:\/\/keszleragnesdesign.com\/wp-content\/uploads\/2026\/03\/IMG_20260305_165501_edit_367590989298732_1-1536x1237.jpg 1536w, https:\/\/keszleragnesdesign.com\/wp-content\/uploads\/2026\/03\/IMG_20260305_165501_edit_367590989298732_1-2048x1650.jpg 2048w, https:\/\/keszleragnesdesign.com\/wp-content\/uploads\/2026\/03\/IMG_20260305_165501_edit_367590989298732_1-1140x918.jpg 1140w\" sizes=\"auto, (max-width: 332px) 100vw, 332px\" \/><\/a><\/p>\n<p>&nbsp;<\/p>\n<p>Nemzeti sz\u00edn\u0171 egy\u00e9b kieg\u00e9sz\u00edt\u0151k (f\u00fclbeval\u00f3k)<\/p>\n<p><a href=\"https:\/\/keszleragnesdesign.com\/wp-content\/uploads\/2026\/03\/IMG_20260305_164858-scaled.jpg\"><img loading=\"lazy\" decoding=\"async\" class=\"wp-image-2066 alignleft\" src=\"https:\/\/keszleragnesdesign.com\/wp-content\/uploads\/2026\/03\/IMG_20260305_164858-scaled.jpg\" alt=\"\" width=\"308\" height=\"208\" srcset=\"https:\/\/keszleragnesdesign.com\/wp-content\/uploads\/2026\/03\/IMG_20260305_164858-scaled.jpg 2560w, https:\/\/keszleragnesdesign.com\/wp-content\/uploads\/2026\/03\/IMG_20260305_164858-300x203.jpg 300w, https:\/\/keszleragnesdesign.com\/wp-content\/uploads\/2026\/03\/IMG_20260305_164858-1024x692.jpg 1024w, https:\/\/keszleragnesdesign.com\/wp-content\/uploads\/2026\/03\/IMG_20260305_164858-768x519.jpg 768w, https:\/\/keszleragnesdesign.com\/wp-content\/uploads\/2026\/03\/IMG_20260305_164858-1536x1039.jpg 1536w, https:\/\/keszleragnesdesign.com\/wp-content\/uploads\/2026\/03\/IMG_20260305_164858-2048x1385.jpg 2048w, https:\/\/keszleragnesdesign.com\/wp-content\/uploads\/2026\/03\/IMG_20260305_164858-1140x771.jpg 1140w\" sizes=\"auto, (max-width: 308px) 100vw, 308px\" \/><\/a><a href=\"https:\/\/keszleragnesdesign.com\/wp-content\/uploads\/2026\/03\/IMG_20260305_164917_edit_367824298254372-scaled.jpg\"><img loading=\"lazy\" decoding=\"async\" class=\"wp-image-2067 alignleft\" src=\"https:\/\/keszleragnesdesign.com\/wp-content\/uploads\/2026\/03\/IMG_20260305_164917_edit_367824298254372-scaled.jpg\" alt=\"\" width=\"270\" height=\"211\" srcset=\"https:\/\/keszleragnesdesign.com\/wp-content\/uploads\/2026\/03\/IMG_20260305_164917_edit_367824298254372-scaled.jpg 2560w, https:\/\/keszleragnesdesign.com\/wp-content\/uploads\/2026\/03\/IMG_20260305_164917_edit_367824298254372-300x235.jpg 300w, https:\/\/keszleragnesdesign.com\/wp-content\/uploads\/2026\/03\/IMG_20260305_164917_edit_367824298254372-1024x800.jpg 1024w, https:\/\/keszleragnesdesign.com\/wp-content\/uploads\/2026\/03\/IMG_20260305_164917_edit_367824298254372-768x600.jpg 768w, https:\/\/keszleragnesdesign.com\/wp-content\/uploads\/2026\/03\/IMG_20260305_164917_edit_367824298254372-1536x1201.jpg 1536w, https:\/\/keszleragnesdesign.com\/wp-content\/uploads\/2026\/03\/IMG_20260305_164917_edit_367824298254372-2048x1601.jpg 2048w, https:\/\/keszleragnesdesign.com\/wp-content\/uploads\/2026\/03\/IMG_20260305_164917_edit_367824298254372-1140x891.jpg 1140w\" sizes=\"auto, (max-width: 270px) 100vw, 270px\" \/><\/a><a href=\"https:\/\/keszleragnesdesign.com\/wp-content\/uploads\/2026\/03\/IMG_20260305_164947_1-scaled.jpg\"><img loading=\"lazy\" decoding=\"async\" class=\"wp-image-2069 alignleft\" src=\"https:\/\/keszleragnesdesign.com\/wp-content\/uploads\/2026\/03\/IMG_20260305_164947_1-scaled.jpg\" alt=\"\" width=\"297\" height=\"223\" srcset=\"https:\/\/keszleragnesdesign.com\/wp-content\/uploads\/2026\/03\/IMG_20260305_164947_1-scaled.jpg 2560w, https:\/\/keszleragnesdesign.com\/wp-content\/uploads\/2026\/03\/IMG_20260305_164947_1-300x225.jpg 300w, https:\/\/keszleragnesdesign.com\/wp-content\/uploads\/2026\/03\/IMG_20260305_164947_1-1024x768.jpg 1024w, https:\/\/keszleragnesdesign.com\/wp-content\/uploads\/2026\/03\/IMG_20260305_164947_1-768x576.jpg 768w, https:\/\/keszleragnesdesign.com\/wp-content\/uploads\/2026\/03\/IMG_20260305_164947_1-1536x1152.jpg 1536w, https:\/\/keszleragnesdesign.com\/wp-content\/uploads\/2026\/03\/IMG_20260305_164947_1-2048x1536.jpg 2048w, https:\/\/keszleragnesdesign.com\/wp-content\/uploads\/2026\/03\/IMG_20260305_164947_1-1140x855.jpg 1140w\" sizes=\"auto, (max-width: 297px) 100vw, 297px\" \/><\/a><a href=\"https:\/\/keszleragnesdesign.com\/wp-content\/uploads\/2026\/03\/IMG_20260305_164924_edit_367810917966564-scaled.jpg\"><img loading=\"lazy\" decoding=\"async\" class=\"wp-image-2068 alignleft\" src=\"https:\/\/keszleragnesdesign.com\/wp-content\/uploads\/2026\/03\/IMG_20260305_164924_edit_367810917966564-scaled.jpg\" alt=\"\" width=\"269\" height=\"232\" srcset=\"https:\/\/keszleragnesdesign.com\/wp-content\/uploads\/2026\/03\/IMG_20260305_164924_edit_367810917966564-scaled.jpg 2560w, https:\/\/keszleragnesdesign.com\/wp-content\/uploads\/2026\/03\/IMG_20260305_164924_edit_367810917966564-300x259.jpg 300w, https:\/\/keszleragnesdesign.com\/wp-content\/uploads\/2026\/03\/IMG_20260305_164924_edit_367810917966564-1024x884.jpg 1024w, https:\/\/keszleragnesdesign.com\/wp-content\/uploads\/2026\/03\/IMG_20260305_164924_edit_367810917966564-768x663.jpg 768w, https:\/\/keszleragnesdesign.com\/wp-content\/uploads\/2026\/03\/IMG_20260305_164924_edit_367810917966564-1536x1326.jpg 1536w, https:\/\/keszleragnesdesign.com\/wp-content\/uploads\/2026\/03\/IMG_20260305_164924_edit_367810917966564-2048x1768.jpg 2048w, https:\/\/keszleragnesdesign.com\/wp-content\/uploads\/2026\/03\/IMG_20260305_164924_edit_367810917966564-1140x984.jpg 1140w\" sizes=\"auto, (max-width: 269px) 100vw, 269px\" \/><\/a><\/p>\n<p>&nbsp;<\/p>\n<p>&nbsp;<\/p>\n<p>&nbsp;<\/p>\n<p>&nbsp;<\/p>\n<p>&nbsp;<\/p>\n<p>&nbsp;<\/p>\n<p>&nbsp;<\/p>\n<p>&nbsp;<\/p>\n<p>&nbsp;<\/p>\n<p>&nbsp;<\/p>\n<p>&nbsp;<\/p>\n<p>&nbsp;<\/p>\n<p>Nemzeti sz\u00edn\u0171 kieg\u00e9sz\u00edt\u0151k (francia csat)<\/p>\n<p><a href=\"https:\/\/keszleragnesdesign.com\/wp-content\/uploads\/2026\/03\/IMG_20260305_164847_edit_367869751688677-scaled.jpg\"><img loading=\"lazy\" decoding=\"async\" class=\"aligncenter size-full wp-image-2070\" src=\"https:\/\/keszleragnesdesign.com\/wp-content\/uploads\/2026\/03\/IMG_20260305_164847_edit_367869751688677-scaled.jpg\" alt=\"\" width=\"2560\" height=\"1093\" srcset=\"https:\/\/keszleragnesdesign.com\/wp-content\/uploads\/2026\/03\/IMG_20260305_164847_edit_367869751688677-scaled.jpg 2560w, https:\/\/keszleragnesdesign.com\/wp-content\/uploads\/2026\/03\/IMG_20260305_164847_edit_367869751688677-300x128.jpg 300w, https:\/\/keszleragnesdesign.com\/wp-content\/uploads\/2026\/03\/IMG_20260305_164847_edit_367869751688677-1024x437.jpg 1024w, https:\/\/keszleragnesdesign.com\/wp-content\/uploads\/2026\/03\/IMG_20260305_164847_edit_367869751688677-768x328.jpg 768w, https:\/\/keszleragnesdesign.com\/wp-content\/uploads\/2026\/03\/IMG_20260305_164847_edit_367869751688677-1536x656.jpg 1536w, https:\/\/keszleragnesdesign.com\/wp-content\/uploads\/2026\/03\/IMG_20260305_164847_edit_367869751688677-2048x875.jpg 2048w, https:\/\/keszleragnesdesign.com\/wp-content\/uploads\/2026\/03\/IMG_20260305_164847_edit_367869751688677-1140x487.jpg 1140w\" sizes=\"auto, (max-width: 2560px) 100vw, 2560px\" \/><\/a><\/p>\n","protected":false},"excerpt":{"rendered":"<p>Minden \u00e9vben vannak kit\u00fcntetett pillanatok, amikor magyars\u00e1gunkat szeretn\u00e9nk kifejezni. Ilyen a M\u00e1rcius 15-i \u00fcnnep is, amikor nemzeti sz\u00edn\u0171 szalagb\u00f3l k\u00e9sz\u00fclt kok\u00e1rd\u00e1t, vagy egy\u00e9b nemzeti sz\u00edn\u0171 kieg\u00e9sz\u00edt\u0151t visel\u00fcnk. Ez alkalmakra k\u00edn\u00e1lok gy\u00f6ngyb\u0151l k\u00e9sz\u00fclt alternat\u00edv\u00e1kat, amelyet nemzeti sz\u00ednekben k\u00e9sz\u00edtek, \u00e9s t\u00f6k\u00e9letes kieg\u00e9sz\u00edt\u0151i az \u00fcnnepi viseletnek. Aktu\u00e1lis k\u00e9szlet\u00e9rt, k\u00e9rem, \u00e9rdekl\u0151dj\u00f6n a kapcsolat men\u00fcpont alatt, vagy a chat f\u00fcln\u00e9l. Gy\u00f6ngyb\u0151l k\u00e9sz\u00fclt nemzeti sz\u00edn\u0171 kerek brossok (kok\u00e1rd\u00e1k). K\u00e9rhet\u0151k t\u0171s \u00e9s m\u00e1gneses kivitelben. &nbsp; Nemzeti sz\u00edn\u0171 egy\u00e9b kieg\u00e9sz\u00edt\u0151k (f\u00fclbeval\u00f3k) &nbsp; &nbsp; &nbsp; &nbsp; &nbsp; &nbsp; &nbsp; &nbsp; &nbsp; &nbsp; &nbsp; &nbsp; Nemzeti sz\u00edn\u0171 kieg\u00e9sz\u00edt\u0151k (francia csat)<\/p>\n","protected":false},"author":1,"featured_media":0,"parent":0,"menu_order":0,"comment_status":"closed","ping_status":"closed","template":"","meta":{"footnotes":""},"class_list":["post-2059","page","type-page","status-publish","hentry"],"jetpack_sharing_enabled":true,"_links":{"self":[{"href":"https:\/\/keszleragnesdesign.com\/index.php\/wp-json\/wp\/v2\/pages\/2059","targetHints":{"allow":["GET"]}}],"collection":[{"href":"https:\/\/keszleragnesdesign.com\/index.php\/wp-json\/wp\/v2\/pages"}],"about":[{"href":"https:\/\/keszleragnesdesign.com\/index.php\/wp-json\/wp\/v2\/types\/page"}],"author":[{"embeddable":true,"href":"https:\/\/keszleragnesdesign.com\/index.php\/wp-json\/wp\/v2\/users\/1"}],"replies":[{"embeddable":true,"href":"https:\/\/keszleragnesdesign.com\/index.php\/wp-json\/wp\/v2\/comments?post=2059"}],"version-history":[{"count":1,"href":"https:\/\/keszleragnesdesign.com\/index.php\/wp-json\/wp\/v2\/pages\/2059\/revisions"}],"predecessor-version":[{"id":2071,"href":"https:\/\/keszleragnesdesign.com\/index.php\/wp-json\/wp\/v2\/pages\/2059\/revisions\/2071"}],"wp:attachment":[{"href":"https:\/\/keszleragnesdesign.com\/index.php\/wp-json\/wp\/v2\/media?parent=2059"}],"curies":[{"name":"wp","href":"https:\/\/api.w.org\/{rel}","templated":true}]}}