{"id":2075,"date":"2026-04-12T14:51:06","date_gmt":"2026-04-12T14:51:06","guid":{"rendered":"https:\/\/keszleragnesdesign.com\/?page_id=2075"},"modified":"2026-04-12T15:00:09","modified_gmt":"2026-04-12T15:00:09","slug":"kisallat-bross","status":"publish","type":"page","link":"https:\/\/keszleragnesdesign.com\/index.php\/kisallat-bross\/","title":{"rendered":"Kis\u00e1llat bross"},"content":{"rendered":"<p>Te is szeretn\u00e9d kis kedvencedet eg\u00e9sz nap magad mellett tudni? Magadon viselni? vagy asztalodra kitenni?<\/p>\n<p>Akkor ez a bross, vagy falik\u00e9p neked val\u00f3!<\/p>\n<p>Csak k\u00fcldd el nekem kedvenced f\u00e9nyk\u00e9p\u00e9t, portr\u00e9j\u00e1t, \u00e9s \u00e9n \u00e9kszerbe \u00f6lt\u00f6m, hogy eg\u00e9sz nap melletted lehessen!<\/p>\n<p><a href=\"https:\/\/keszleragnesdesign.com\/wp-content\/uploads\/2026\/04\/MAcika_1.jpg\"><img loading=\"lazy\" decoding=\"async\" class=\"wp-image-2076 alignleft\" src=\"https:\/\/keszleragnesdesign.com\/wp-content\/uploads\/2026\/04\/MAcika_1.jpg\" alt=\"\" width=\"224\" height=\"237\" srcset=\"https:\/\/keszleragnesdesign.com\/wp-content\/uploads\/2026\/04\/MAcika_1.jpg 1203w, https:\/\/keszleragnesdesign.com\/wp-content\/uploads\/2026\/04\/MAcika_1-283x300.jpg 283w, https:\/\/keszleragnesdesign.com\/wp-content\/uploads\/2026\/04\/MAcika_1-966x1024.jpg 966w, https:\/\/keszleragnesdesign.com\/wp-content\/uploads\/2026\/04\/MAcika_1-768x814.jpg 768w, https:\/\/keszleragnesdesign.com\/wp-content\/uploads\/2026\/04\/MAcika_1-1140x1208.jpg 1140w\" sizes=\"auto, (max-width: 224px) 100vw, 224px\" \/><\/a><img loading=\"lazy\" decoding=\"async\" class=\"aligncenter wp-image-2077\" src=\"https:\/\/keszleragnesdesign.com\/wp-content\/uploads\/2026\/04\/Macika-0.jpg\" alt=\"\" width=\"221\" height=\"243\" srcset=\"https:\/\/keszleragnesdesign.com\/wp-content\/uploads\/2026\/04\/Macika-0.jpg 1138w, https:\/\/keszleragnesdesign.com\/wp-content\/uploads\/2026\/04\/Macika-0-273x300.jpg 273w, https:\/\/keszleragnesdesign.com\/wp-content\/uploads\/2026\/04\/Macika-0-933x1024.jpg 933w, https:\/\/keszleragnesdesign.com\/wp-content\/uploads\/2026\/04\/Macika-0-768x843.jpg 768w\" sizes=\"auto, (max-width: 221px) 100vw, 221px\" \/><\/p>\n<p>&nbsp;<\/p>\n<p><a href=\"https:\/\/keszleragnesdesign.com\/wp-content\/uploads\/2026\/04\/Gombocka3.jpg\"><img loading=\"lazy\" decoding=\"async\" class=\"wp-image-2078 alignleft\" src=\"https:\/\/keszleragnesdesign.com\/wp-content\/uploads\/2026\/04\/Gombocka3.jpg\" alt=\"\" width=\"219\" height=\"219\" srcset=\"https:\/\/keszleragnesdesign.com\/wp-content\/uploads\/2026\/04\/Gombocka3.jpg 1263w, https:\/\/keszleragnesdesign.com\/wp-content\/uploads\/2026\/04\/Gombocka3-300x300.jpg 300w, https:\/\/keszleragnesdesign.com\/wp-content\/uploads\/2026\/04\/Gombocka3-1024x1024.jpg 1024w, https:\/\/keszleragnesdesign.com\/wp-content\/uploads\/2026\/04\/Gombocka3-150x150.jpg 150w, https:\/\/keszleragnesdesign.com\/wp-content\/uploads\/2026\/04\/Gombocka3-768x768.jpg 768w, https:\/\/keszleragnesdesign.com\/wp-content\/uploads\/2026\/04\/Gombocka3-1140x1140.jpg 1140w, https:\/\/keszleragnesdesign.com\/wp-content\/uploads\/2026\/04\/Gombocka3-75x75.jpg 75w\" sizes=\"auto, (max-width: 219px) 100vw, 219px\" \/><\/a><a href=\"https:\/\/keszleragnesdesign.com\/wp-content\/uploads\/2026\/04\/IMG_20251123_150600-scaled.jpg\"><img loading=\"lazy\" decoding=\"async\" class=\"aligncenter wp-image-2079\" src=\"https:\/\/keszleragnesdesign.com\/wp-content\/uploads\/2026\/04\/IMG_20251123_150600-scaled.jpg\" alt=\"\" width=\"200\" height=\"206\" srcset=\"https:\/\/keszleragnesdesign.com\/wp-content\/uploads\/2026\/04\/IMG_20251123_150600-scaled.jpg 2480w, https:\/\/keszleragnesdesign.com\/wp-content\/uploads\/2026\/04\/IMG_20251123_150600-291x300.jpg 291w, https:\/\/keszleragnesdesign.com\/wp-content\/uploads\/2026\/04\/IMG_20251123_150600-992x1024.jpg 992w, https:\/\/keszleragnesdesign.com\/wp-content\/uploads\/2026\/04\/IMG_20251123_150600-768x793.jpg 768w, https:\/\/keszleragnesdesign.com\/wp-content\/uploads\/2026\/04\/IMG_20251123_150600-1488x1536.jpg 1488w, https:\/\/keszleragnesdesign.com\/wp-content\/uploads\/2026\/04\/IMG_20251123_150600-1984x2048.jpg 1984w, https:\/\/keszleragnesdesign.com\/wp-content\/uploads\/2026\/04\/IMG_20251123_150600-1140x1177.jpg 1140w\" sizes=\"auto, (max-width: 200px) 100vw, 200px\" \/><\/a><\/p>\n<p>&nbsp;<\/p>\n<p><a href=\"https:\/\/keszleragnesdesign.com\/wp-content\/uploads\/2026\/04\/bulldog-2.png\"><img loading=\"lazy\" decoding=\"async\" class=\"wp-image-2080 alignleft\" src=\"https:\/\/keszleragnesdesign.com\/wp-content\/uploads\/2026\/04\/bulldog-2.png\" alt=\"\" width=\"216\" height=\"181\" srcset=\"https:\/\/keszleragnesdesign.com\/wp-content\/uploads\/2026\/04\/bulldog-2.png 325w, https:\/\/keszleragnesdesign.com\/wp-content\/uploads\/2026\/04\/bulldog-2-300x252.png 300w\" sizes=\"auto, (max-width: 216px) 100vw, 216px\" \/><\/a><a href=\"https:\/\/keszleragnesdesign.com\/wp-content\/uploads\/2026\/04\/trashed-1763371385-IMG_20251011_091126-scaled.jpg\"><img loading=\"lazy\" decoding=\"async\" class=\"aligncenter wp-image-2081\" src=\"https:\/\/keszleragnesdesign.com\/wp-content\/uploads\/2026\/04\/trashed-1763371385-IMG_20251011_091126-scaled.jpg\" alt=\"\" width=\"181\" height=\"189\" srcset=\"https:\/\/keszleragnesdesign.com\/wp-content\/uploads\/2026\/04\/trashed-1763371385-IMG_20251011_091126-scaled.jpg 2462w, https:\/\/keszleragnesdesign.com\/wp-content\/uploads\/2026\/04\/trashed-1763371385-IMG_20251011_091126-288x300.jpg 288w, https:\/\/keszleragnesdesign.com\/wp-content\/uploads\/2026\/04\/trashed-1763371385-IMG_20251011_091126-985x1024.jpg 985w, https:\/\/keszleragnesdesign.com\/wp-content\/uploads\/2026\/04\/trashed-1763371385-IMG_20251011_091126-768x799.jpg 768w, https:\/\/keszleragnesdesign.com\/wp-content\/uploads\/2026\/04\/trashed-1763371385-IMG_20251011_091126-1477x1536.jpg 1477w, https:\/\/keszleragnesdesign.com\/wp-content\/uploads\/2026\/04\/trashed-1763371385-IMG_20251011_091126-1969x2048.jpg 1969w, https:\/\/keszleragnesdesign.com\/wp-content\/uploads\/2026\/04\/trashed-1763371385-IMG_20251011_091126-1140x1186.jpg 1140w\" sizes=\"auto, (max-width: 181px) 100vw, 181px\" \/><\/a><\/p>\n<p>&nbsp;<\/p>\n<p>Csak k\u00fcldj k\u00e9pet \u00e9s \u00fczenetet az info@keszleragnesdesign.com e-mail c\u00edmre, vagy keress messengeren, telefonon (30-6980514), \u00e9s elk\u00e9sz\u00edtem sz\u00e1modra kedvenced \u00e9leth\u0171 m\u00e1s\u00e1t.<\/p>\n<p>A portr\u00e9 kb. 7-9 cm x 7-9 cm, k\u00e9rhet\u0151 bross, med\u00e1l, kulcstart\u00f3 <a href=\"https:\/\/keszleragnesdesign.com\/wp-content\/uploads\/2026\/04\/IMG_20251111_120325_1-scaled.jpg\"><img loading=\"lazy\" decoding=\"async\" class=\"wp-image-2082 alignleft\" src=\"https:\/\/keszleragnesdesign.com\/wp-content\/uploads\/2026\/04\/IMG_20251111_120325_1-scaled.jpg\" alt=\"\" width=\"229\" height=\"220\" srcset=\"https:\/\/keszleragnesdesign.com\/wp-content\/uploads\/2026\/04\/IMG_20251111_120325_1-scaled.jpg 2560w, https:\/\/keszleragnesdesign.com\/wp-content\/uploads\/2026\/04\/IMG_20251111_120325_1-300x288.jpg 300w, https:\/\/keszleragnesdesign.com\/wp-content\/uploads\/2026\/04\/IMG_20251111_120325_1-1024x984.jpg 1024w, https:\/\/keszleragnesdesign.com\/wp-content\/uploads\/2026\/04\/IMG_20251111_120325_1-768x738.jpg 768w, https:\/\/keszleragnesdesign.com\/wp-content\/uploads\/2026\/04\/IMG_20251111_120325_1-1536x1476.jpg 1536w, https:\/\/keszleragnesdesign.com\/wp-content\/uploads\/2026\/04\/IMG_20251111_120325_1-2048x1969.jpg 2048w, https:\/\/keszleragnesdesign.com\/wp-content\/uploads\/2026\/04\/IMG_20251111_120325_1-1140x1096.jpg 1140w\" sizes=\"auto, (max-width: 229px) 100vw, 229px\" \/><\/a>vagy falik\u00e9p kivitelben.<\/p>\n<p><a href=\"https:\/\/keszleragnesdesign.com\/wp-content\/uploads\/2026\/04\/IMG_20260412_160200_12-scaled.jpg\"><img loading=\"lazy\" decoding=\"async\" class=\"aligncenter wp-image-2083\" src=\"https:\/\/keszleragnesdesign.com\/wp-content\/uploads\/2026\/04\/IMG_20260412_160200_12-scaled.jpg\" alt=\"\" width=\"178\" height=\"220\" srcset=\"https:\/\/keszleragnesdesign.com\/wp-content\/uploads\/2026\/04\/IMG_20260412_160200_12-scaled.jpg 2071w, https:\/\/keszleragnesdesign.com\/wp-content\/uploads\/2026\/04\/IMG_20260412_160200_12-243x300.jpg 243w, https:\/\/keszleragnesdesign.com\/wp-content\/uploads\/2026\/04\/IMG_20260412_160200_12-828x1024.jpg 828w, https:\/\/keszleragnesdesign.com\/wp-content\/uploads\/2026\/04\/IMG_20260412_160200_12-768x949.jpg 768w, https:\/\/keszleragnesdesign.com\/wp-content\/uploads\/2026\/04\/IMG_20260412_160200_12-1243x1536.jpg 1243w, https:\/\/keszleragnesdesign.com\/wp-content\/uploads\/2026\/04\/IMG_20260412_160200_12-1657x2048.jpg 1657w, https:\/\/keszleragnesdesign.com\/wp-content\/uploads\/2026\/04\/IMG_20260412_160200_12-1140x1409.jpg 1140w\" sizes=\"auto, (max-width: 178px) 100vw, 178px\" \/><\/a><\/p>\n<p>Elk\u00e9sz\u00edt\u00e9si id\u0151: 2-4 munkanap<\/p>\n<p>D\u00edja: 35.000 ft. Az \u00e1r tartalmazza az \u00e9kszer gy\u00f6ngyh\u00edmz\u00e9ses technik\u00e1val val\u00f3 elk\u00e9sz\u00edt\u00e9s\u00e9t a legjobb min\u0151s\u00e9g\u0171, a k\u00e9phez ill\u0151 jap\u00e1n \u00e9s cseh gy\u00f6ngy\u00f6kb\u0151l, a kiv\u00e1lasztott kivitelben (bross, med\u00e1l, kulcstart\u00f3, falik\u00e9p) \u00e9s az \u00e9kszer diszcsomagol\u00e1s\u00e1t.<\/p>\n<p>&nbsp;<\/p>\n","protected":false},"excerpt":{"rendered":"<p>Te is szeretn\u00e9d kis kedvencedet eg\u00e9sz nap magad mellett tudni? Magadon viselni? vagy asztalodra kitenni? Akkor ez a bross, vagy falik\u00e9p neked val\u00f3! Csak k\u00fcldd el nekem kedvenced f\u00e9nyk\u00e9p\u00e9t, portr\u00e9j\u00e1t, \u00e9s \u00e9n \u00e9kszerbe \u00f6lt\u00f6m, hogy eg\u00e9sz nap melletted lehessen! &nbsp; &nbsp; &nbsp; Csak k\u00fcldj k\u00e9pet \u00e9s \u00fczenetet az info@keszleragnesdesign.com e-mail c\u00edmre, vagy keress messengeren, telefonon (30-6980514), \u00e9s elk\u00e9sz\u00edtem sz\u00e1modra kedvenced \u00e9leth\u0171 m\u00e1s\u00e1t. A portr\u00e9 kb. 7-9 cm x 7-9 cm, k\u00e9rhet\u0151 bross, med\u00e1l, kulcstart\u00f3 vagy falik\u00e9p kivitelben. Elk\u00e9sz\u00edt\u00e9si id\u0151: 2-4 munkanap D\u00edja: 35.000 ft. Az \u00e1r tartalmazza az \u00e9kszer gy\u00f6ngyh\u00edmz\u00e9ses technik\u00e1val val\u00f3 elk\u00e9sz\u00edt\u00e9s\u00e9t a legjobb min\u0151s\u00e9g\u0171, a k\u00e9phez ill\u0151 jap\u00e1n \u00e9s cseh gy\u00f6ngy\u00f6kb\u0151l, a kiv\u00e1lasztott kivitelben (bross, med\u00e1l, kulcstart\u00f3, falik\u00e9p) \u00e9s az \u00e9kszer diszcsomagol\u00e1s\u00e1t. &nbsp;<\/p>\n","protected":false},"author":1,"featured_media":0,"parent":0,"menu_order":0,"comment_status":"closed","ping_status":"closed","template":"","meta":{"footnotes":""},"class_list":["post-2075","page","type-page","status-publish","hentry"],"jetpack_sharing_enabled":true,"_links":{"self":[{"href":"https:\/\/keszleragnesdesign.com\/index.php\/wp-json\/wp\/v2\/pages\/2075","targetHints":{"allow":["GET"]}}],"collection":[{"href":"https:\/\/keszleragnesdesign.com\/index.php\/wp-json\/wp\/v2\/pages"}],"about":[{"href":"https:\/\/keszleragnesdesign.com\/index.php\/wp-json\/wp\/v2\/types\/page"}],"author":[{"embeddable":true,"href":"https:\/\/keszleragnesdesign.com\/index.php\/wp-json\/wp\/v2\/users\/1"}],"replies":[{"embeddable":true,"href":"https:\/\/keszleragnesdesign.com\/index.php\/wp-json\/wp\/v2\/comments?post=2075"}],"version-history":[{"count":5,"href":"https:\/\/keszleragnesdesign.com\/index.php\/wp-json\/wp\/v2\/pages\/2075\/revisions"}],"predecessor-version":[{"id":2088,"href":"https:\/\/keszleragnesdesign.com\/index.php\/wp-json\/wp\/v2\/pages\/2075\/revisions\/2088"}],"wp:attachment":[{"href":"https:\/\/keszleragnesdesign.com\/index.php\/wp-json\/wp\/v2\/media?parent=2075"}],"curies":[{"name":"wp","href":"https:\/\/api.w.org\/{rel}","templated":true}]}}