{"id":317,"date":"2022-04-26T12:35:47","date_gmt":"2022-04-26T12:35:47","guid":{"rendered":"https:\/\/keszleragnesdesign.com\/?page_id=317"},"modified":"2025-09-02T09:04:53","modified_gmt":"2025-09-02T09:04:53","slug":"fuzott-fulbevalok","status":"publish","type":"page","link":"https:\/\/keszleragnesdesign.com\/index.php\/ekszerek\/fuzott-fulbevalok\/","title":{"rendered":"Kark\u00f6t\u0151k"},"content":{"rendered":"<p><a href=\"https:\/\/keszleragnesdesign.com\/wp-content\/uploads\/2025\/09\/IMG_20250414_120646-scaled.jpg\"><img loading=\"lazy\" decoding=\"async\" class=\"aligncenter size-full wp-image-2047\" src=\"https:\/\/keszleragnesdesign.com\/wp-content\/uploads\/2025\/09\/IMG_20250414_120646-scaled.jpg\" alt=\"\" width=\"1920\" height=\"2560\" srcset=\"https:\/\/keszleragnesdesign.com\/wp-content\/uploads\/2025\/09\/IMG_20250414_120646-scaled.jpg 1920w, https:\/\/keszleragnesdesign.com\/wp-content\/uploads\/2025\/09\/IMG_20250414_120646-225x300.jpg 225w, https:\/\/keszleragnesdesign.com\/wp-content\/uploads\/2025\/09\/IMG_20250414_120646-768x1024.jpg 768w, https:\/\/keszleragnesdesign.com\/wp-content\/uploads\/2025\/09\/IMG_20250414_120646-1152x1536.jpg 1152w, https:\/\/keszleragnesdesign.com\/wp-content\/uploads\/2025\/09\/IMG_20250414_120646-1536x2048.jpg 1536w, https:\/\/keszleragnesdesign.com\/wp-content\/uploads\/2025\/09\/IMG_20250414_120646-1140x1520.jpg 1140w\" sizes=\"auto, (max-width: 1920px) 100vw, 1920px\" \/><\/a><\/p>\n<p><a href=\"https:\/\/keszleragnesdesign.com\/wp-content\/uploads\/2025\/09\/IMG_20250326_095729_1-scaled.jpg\"><img loading=\"lazy\" decoding=\"async\" class=\"aligncenter size-full wp-image-2046\" src=\"https:\/\/keszleragnesdesign.com\/wp-content\/uploads\/2025\/09\/IMG_20250326_095729_1-scaled.jpg\" alt=\"\" width=\"1920\" height=\"2560\" srcset=\"https:\/\/keszleragnesdesign.com\/wp-content\/uploads\/2025\/09\/IMG_20250326_095729_1-scaled.jpg 1920w, https:\/\/keszleragnesdesign.com\/wp-content\/uploads\/2025\/09\/IMG_20250326_095729_1-225x300.jpg 225w, https:\/\/keszleragnesdesign.com\/wp-content\/uploads\/2025\/09\/IMG_20250326_095729_1-768x1024.jpg 768w, https:\/\/keszleragnesdesign.com\/wp-content\/uploads\/2025\/09\/IMG_20250326_095729_1-1152x1536.jpg 1152w, https:\/\/keszleragnesdesign.com\/wp-content\/uploads\/2025\/09\/IMG_20250326_095729_1-1536x2048.jpg 1536w, https:\/\/keszleragnesdesign.com\/wp-content\/uploads\/2025\/09\/IMG_20250326_095729_1-1140x1520.jpg 1140w\" sizes=\"auto, (max-width: 1920px) 100vw, 1920px\" \/><\/a><\/p>\n<p>Krist\u00e1lyos f\u0171z\u00f6tt kark\u00f6t\u0151k \u00e9s f\u00fclbeval\u00f3k. K\u00e9szleten.<\/p>\n<p><a href=\"https:\/\/keszleragnesdesign.com\/wp-content\/uploads\/2025\/09\/IMG_20250101_133358_1-scaled.jpg\"><img loading=\"lazy\" decoding=\"async\" class=\"aligncenter size-full wp-image-2036\" src=\"https:\/\/keszleragnesdesign.com\/wp-content\/uploads\/2025\/09\/IMG_20250101_133358_1-scaled.jpg\" alt=\"\" width=\"2560\" height=\"2560\" srcset=\"https:\/\/keszleragnesdesign.com\/wp-content\/uploads\/2025\/09\/IMG_20250101_133358_1-scaled.jpg 2560w, https:\/\/keszleragnesdesign.com\/wp-content\/uploads\/2025\/09\/IMG_20250101_133358_1-300x300.jpg 300w, https:\/\/keszleragnesdesign.com\/wp-content\/uploads\/2025\/09\/IMG_20250101_133358_1-1024x1024.jpg 1024w, https:\/\/keszleragnesdesign.com\/wp-content\/uploads\/2025\/09\/IMG_20250101_133358_1-150x150.jpg 150w, https:\/\/keszleragnesdesign.com\/wp-content\/uploads\/2025\/09\/IMG_20250101_133358_1-768x768.jpg 768w, https:\/\/keszleragnesdesign.com\/wp-content\/uploads\/2025\/09\/IMG_20250101_133358_1-1536x1536.jpg 1536w, https:\/\/keszleragnesdesign.com\/wp-content\/uploads\/2025\/09\/IMG_20250101_133358_1-2048x2048.jpg 2048w, https:\/\/keszleragnesdesign.com\/wp-content\/uploads\/2025\/09\/IMG_20250101_133358_1-1140x1140.jpg 1140w, https:\/\/keszleragnesdesign.com\/wp-content\/uploads\/2025\/09\/IMG_20250101_133358_1-75x75.jpg 75w\" sizes=\"auto, (max-width: 2560px) 100vw, 2560px\" \/><\/a><\/p>\n<p>Ez\u00fcst f\u0171z\u00f6tt kark\u00f6t\u0151. K\u00e9szleten.<\/p>\n<p><a href=\"https:\/\/keszleragnesdesign.com\/wp-content\/uploads\/2025\/09\/IMG_20250103_100604_1-scaled.jpg\"><img loading=\"lazy\" decoding=\"async\" class=\"aligncenter size-full wp-image-2037\" src=\"https:\/\/keszleragnesdesign.com\/wp-content\/uploads\/2025\/09\/IMG_20250103_100604_1-scaled.jpg\" alt=\"\" width=\"2560\" height=\"1725\" srcset=\"https:\/\/keszleragnesdesign.com\/wp-content\/uploads\/2025\/09\/IMG_20250103_100604_1-scaled.jpg 2560w, https:\/\/keszleragnesdesign.com\/wp-content\/uploads\/2025\/09\/IMG_20250103_100604_1-300x202.jpg 300w, https:\/\/keszleragnesdesign.com\/wp-content\/uploads\/2025\/09\/IMG_20250103_100604_1-1024x690.jpg 1024w, https:\/\/keszleragnesdesign.com\/wp-content\/uploads\/2025\/09\/IMG_20250103_100604_1-768x517.jpg 768w, https:\/\/keszleragnesdesign.com\/wp-content\/uploads\/2025\/09\/IMG_20250103_100604_1-1536x1035.jpg 1536w, https:\/\/keszleragnesdesign.com\/wp-content\/uploads\/2025\/09\/IMG_20250103_100604_1-2048x1380.jpg 2048w, https:\/\/keszleragnesdesign.com\/wp-content\/uploads\/2025\/09\/IMG_20250103_100604_1-1140x768.jpg 1140w\" sizes=\"auto, (max-width: 2560px) 100vw, 2560px\" \/><\/a><\/p>\n<p>Bronz-matt iriz\u00e1l\u00f3 k\u00e9k f\u0171z\u00f6tt kark\u00f6t\u0151. K\u00e9szleten.<\/p>\n<p><a href=\"https:\/\/keszleragnesdesign.com\/wp-content\/uploads\/2025\/09\/IMG_20250108_100119_1-scaled.jpg\"><img loading=\"lazy\" decoding=\"async\" class=\"aligncenter size-full wp-image-2038\" src=\"https:\/\/keszleragnesdesign.com\/wp-content\/uploads\/2025\/09\/IMG_20250108_100119_1-scaled.jpg\" alt=\"\" width=\"2560\" height=\"1785\" srcset=\"https:\/\/keszleragnesdesign.com\/wp-content\/uploads\/2025\/09\/IMG_20250108_100119_1-scaled.jpg 2560w, https:\/\/keszleragnesdesign.com\/wp-content\/uploads\/2025\/09\/IMG_20250108_100119_1-300x209.jpg 300w, https:\/\/keszleragnesdesign.com\/wp-content\/uploads\/2025\/09\/IMG_20250108_100119_1-1024x714.jpg 1024w, https:\/\/keszleragnesdesign.com\/wp-content\/uploads\/2025\/09\/IMG_20250108_100119_1-768x536.jpg 768w, https:\/\/keszleragnesdesign.com\/wp-content\/uploads\/2025\/09\/IMG_20250108_100119_1-1536x1071.jpg 1536w, https:\/\/keszleragnesdesign.com\/wp-content\/uploads\/2025\/09\/IMG_20250108_100119_1-2048x1428.jpg 2048w, https:\/\/keszleragnesdesign.com\/wp-content\/uploads\/2025\/09\/IMG_20250108_100119_1-1140x795.jpg 1140w\" sizes=\"auto, (max-width: 2560px) 100vw, 2560px\" \/><\/a><\/p>\n<p>K\u00e9k-arany f\u0171z\u00f6tt kark\u00f6t\u0151. K\u00e9szleten.<\/p>\n<p><a href=\"https:\/\/keszleragnesdesign.com\/wp-content\/uploads\/2025\/09\/IMG_20250120_145642-scaled.jpg\"><img loading=\"lazy\" decoding=\"async\" class=\"aligncenter size-full wp-image-2039\" src=\"https:\/\/keszleragnesdesign.com\/wp-content\/uploads\/2025\/09\/IMG_20250120_145642-scaled.jpg\" alt=\"\" width=\"2560\" height=\"1920\" srcset=\"https:\/\/keszleragnesdesign.com\/wp-content\/uploads\/2025\/09\/IMG_20250120_145642-scaled.jpg 2560w, https:\/\/keszleragnesdesign.com\/wp-content\/uploads\/2025\/09\/IMG_20250120_145642-300x225.jpg 300w, https:\/\/keszleragnesdesign.com\/wp-content\/uploads\/2025\/09\/IMG_20250120_145642-1024x768.jpg 1024w, https:\/\/keszleragnesdesign.com\/wp-content\/uploads\/2025\/09\/IMG_20250120_145642-768x576.jpg 768w, https:\/\/keszleragnesdesign.com\/wp-content\/uploads\/2025\/09\/IMG_20250120_145642-1536x1152.jpg 1536w, https:\/\/keszleragnesdesign.com\/wp-content\/uploads\/2025\/09\/IMG_20250120_145642-2048x1536.jpg 2048w, https:\/\/keszleragnesdesign.com\/wp-content\/uploads\/2025\/09\/IMG_20250120_145642-1140x855.jpg 1140w\" sizes=\"auto, (max-width: 2560px) 100vw, 2560px\" \/><\/a><\/p>\n<p>Iriz\u00e1l\u00f3 z\u00f6ld-arany f\u0171z\u00f6tt kark\u00f6t\u0151. K\u00e9szleten.<\/p>\n<p><a href=\"https:\/\/keszleragnesdesign.com\/wp-content\/uploads\/2025\/09\/IMG_20250114_110919-scaled.jpg\"><img loading=\"lazy\" decoding=\"async\" class=\"aligncenter size-full wp-image-2040\" src=\"https:\/\/keszleragnesdesign.com\/wp-content\/uploads\/2025\/09\/IMG_20250114_110919-scaled.jpg\" alt=\"\" width=\"2560\" height=\"1920\" srcset=\"https:\/\/keszleragnesdesign.com\/wp-content\/uploads\/2025\/09\/IMG_20250114_110919-scaled.jpg 2560w, https:\/\/keszleragnesdesign.com\/wp-content\/uploads\/2025\/09\/IMG_20250114_110919-300x225.jpg 300w, https:\/\/keszleragnesdesign.com\/wp-content\/uploads\/2025\/09\/IMG_20250114_110919-1024x768.jpg 1024w, https:\/\/keszleragnesdesign.com\/wp-content\/uploads\/2025\/09\/IMG_20250114_110919-768x576.jpg 768w, https:\/\/keszleragnesdesign.com\/wp-content\/uploads\/2025\/09\/IMG_20250114_110919-1536x1152.jpg 1536w, https:\/\/keszleragnesdesign.com\/wp-content\/uploads\/2025\/09\/IMG_20250114_110919-2048x1536.jpg 2048w, https:\/\/keszleragnesdesign.com\/wp-content\/uploads\/2025\/09\/IMG_20250114_110919-1140x855.jpg 1140w\" sizes=\"auto, (max-width: 2560px) 100vw, 2560px\" \/><\/a><\/p>\n<p>Arany kark\u00f6t\u0151 vari\u00e1ci\u00f3k. \u00c9rdekl\u0151dj\u00f6n az aktu\u00e1lis k\u00e9szlet ir\u00e1nt.<\/p>\n<p><a href=\"https:\/\/keszleragnesdesign.com\/wp-content\/uploads\/2025\/09\/IMG_20231106_073250-scaled.jpg\"><img loading=\"lazy\" decoding=\"async\" class=\"aligncenter size-full wp-image-2041\" src=\"https:\/\/keszleragnesdesign.com\/wp-content\/uploads\/2025\/09\/IMG_20231106_073250-scaled.jpg\" alt=\"\" width=\"2560\" height=\"1763\" srcset=\"https:\/\/keszleragnesdesign.com\/wp-content\/uploads\/2025\/09\/IMG_20231106_073250-scaled.jpg 2560w, https:\/\/keszleragnesdesign.com\/wp-content\/uploads\/2025\/09\/IMG_20231106_073250-300x207.jpg 300w, https:\/\/keszleragnesdesign.com\/wp-content\/uploads\/2025\/09\/IMG_20231106_073250-1024x705.jpg 1024w, https:\/\/keszleragnesdesign.com\/wp-content\/uploads\/2025\/09\/IMG_20231106_073250-768x529.jpg 768w, https:\/\/keszleragnesdesign.com\/wp-content\/uploads\/2025\/09\/IMG_20231106_073250-1536x1058.jpg 1536w, https:\/\/keszleragnesdesign.com\/wp-content\/uploads\/2025\/09\/IMG_20231106_073250-2048x1411.jpg 2048w, https:\/\/keszleragnesdesign.com\/wp-content\/uploads\/2025\/09\/IMG_20231106_073250-1140x785.jpg 1140w\" sizes=\"auto, (max-width: 2560px) 100vw, 2560px\" \/><\/a><\/p>\n<p>Pezsg\u0151 sz\u00edn krist\u00e1lyokkal d\u00edsz\u00edtett kark\u00f6t\u0151. K\u00e9szleten.<\/p>\n<figure id=\"attachment_2042\" aria-describedby=\"caption-attachment-2042\" style=\"width: 1883px\" class=\"wp-caption aligncenter\"><a href=\"https:\/\/keszleragnesdesign.com\/wp-content\/uploads\/2025\/09\/IMG_20230430_221419.jpg\"><img loading=\"lazy\" decoding=\"async\" class=\"size-full wp-image-2042\" src=\"https:\/\/keszleragnesdesign.com\/wp-content\/uploads\/2025\/09\/IMG_20230430_221419.jpg\" alt=\"\" width=\"1883\" height=\"1721\" srcset=\"https:\/\/keszleragnesdesign.com\/wp-content\/uploads\/2025\/09\/IMG_20230430_221419.jpg 1883w, https:\/\/keszleragnesdesign.com\/wp-content\/uploads\/2025\/09\/IMG_20230430_221419-300x274.jpg 300w, https:\/\/keszleragnesdesign.com\/wp-content\/uploads\/2025\/09\/IMG_20230430_221419-1024x936.jpg 1024w, https:\/\/keszleragnesdesign.com\/wp-content\/uploads\/2025\/09\/IMG_20230430_221419-768x702.jpg 768w, https:\/\/keszleragnesdesign.com\/wp-content\/uploads\/2025\/09\/IMG_20230430_221419-1536x1404.jpg 1536w, https:\/\/keszleragnesdesign.com\/wp-content\/uploads\/2025\/09\/IMG_20230430_221419-1140x1042.jpg 1140w\" sizes=\"auto, (max-width: 1883px) 100vw, 1883px\" \/><\/a><figcaption id=\"caption-attachment-2042\" class=\"wp-caption-text\">\u0150szi sz\u00edn\u00e1rnyalat\u00fa kark\u00f6t\u0151. K\u00e9szleten.\u00a0<\/figcaption><\/figure>\n<p><a href=\"https:\/\/keszleragnesdesign.com\/wp-content\/uploads\/2025\/09\/IMG_20190601_161124-scaled.jpg\"><img loading=\"lazy\" decoding=\"async\" class=\"size-full wp-image-2043\" src=\"https:\/\/keszleragnesdesign.com\/wp-content\/uploads\/2025\/09\/IMG_20190601_161124-scaled.jpg\" alt=\"\" width=\"2560\" height=\"1098\" srcset=\"https:\/\/keszleragnesdesign.com\/wp-content\/uploads\/2025\/09\/IMG_20190601_161124-scaled.jpg 2560w, https:\/\/keszleragnesdesign.com\/wp-content\/uploads\/2025\/09\/IMG_20190601_161124-300x129.jpg 300w, https:\/\/keszleragnesdesign.com\/wp-content\/uploads\/2025\/09\/IMG_20190601_161124-1024x439.jpg 1024w, https:\/\/keszleragnesdesign.com\/wp-content\/uploads\/2025\/09\/IMG_20190601_161124-768x329.jpg 768w, https:\/\/keszleragnesdesign.com\/wp-content\/uploads\/2025\/09\/IMG_20190601_161124-1536x659.jpg 1536w, https:\/\/keszleragnesdesign.com\/wp-content\/uploads\/2025\/09\/IMG_20190601_161124-2048x878.jpg 2048w, https:\/\/keszleragnesdesign.com\/wp-content\/uploads\/2025\/09\/IMG_20190601_161124-1140x489.jpg 1140w\" sizes=\"auto, (max-width: 2560px) 100vw, 2560px\" \/><\/a><\/p>\n<p><a href=\"https:\/\/keszleragnesdesign.com\/wp-content\/uploads\/2025\/09\/IMG_20190518_174735-scaled.jpg\"><img loading=\"lazy\" decoding=\"async\" class=\"size-full wp-image-2044\" src=\"https:\/\/keszleragnesdesign.com\/wp-content\/uploads\/2025\/09\/IMG_20190518_174735-scaled.jpg\" alt=\"\" width=\"2560\" height=\"1239\" srcset=\"https:\/\/keszleragnesdesign.com\/wp-content\/uploads\/2025\/09\/IMG_20190518_174735-scaled.jpg 2560w, https:\/\/keszleragnesdesign.com\/wp-content\/uploads\/2025\/09\/IMG_20190518_174735-300x145.jpg 300w, https:\/\/keszleragnesdesign.com\/wp-content\/uploads\/2025\/09\/IMG_20190518_174735-1024x496.jpg 1024w, https:\/\/keszleragnesdesign.com\/wp-content\/uploads\/2025\/09\/IMG_20190518_174735-768x372.jpg 768w, https:\/\/keszleragnesdesign.com\/wp-content\/uploads\/2025\/09\/IMG_20190518_174735-1536x744.jpg 1536w, https:\/\/keszleragnesdesign.com\/wp-content\/uploads\/2025\/09\/IMG_20190518_174735-2048x992.jpg 2048w, https:\/\/keszleragnesdesign.com\/wp-content\/uploads\/2025\/09\/IMG_20190518_174735-1140x552.jpg 1140w\" sizes=\"auto, (max-width: 2560px) 100vw, 2560px\" \/><\/a><\/p>\n<p>Krist\u00e1lyokkal d\u00edsz\u00edtett kark\u00f6t\u0151k. Rendelhet\u0151.<\/p>\n<p><a href=\"https:\/\/keszleragnesdesign.com\/wp-content\/uploads\/2025\/09\/IMG_20250703_143443_1-scaled.jpg\"><img loading=\"lazy\" decoding=\"async\" class=\"aligncenter size-full wp-image-2032\" src=\"https:\/\/keszleragnesdesign.com\/wp-content\/uploads\/2025\/09\/IMG_20250703_143443_1-scaled.jpg\" alt=\"\" width=\"1920\" height=\"2560\" srcset=\"https:\/\/keszleragnesdesign.com\/wp-content\/uploads\/2025\/09\/IMG_20250703_143443_1-scaled.jpg 1920w, https:\/\/keszleragnesdesign.com\/wp-content\/uploads\/2025\/09\/IMG_20250703_143443_1-225x300.jpg 225w, https:\/\/keszleragnesdesign.com\/wp-content\/uploads\/2025\/09\/IMG_20250703_143443_1-768x1024.jpg 768w, https:\/\/keszleragnesdesign.com\/wp-content\/uploads\/2025\/09\/IMG_20250703_143443_1-1152x1536.jpg 1152w, https:\/\/keszleragnesdesign.com\/wp-content\/uploads\/2025\/09\/IMG_20250703_143443_1-1536x2048.jpg 1536w, https:\/\/keszleragnesdesign.com\/wp-content\/uploads\/2025\/09\/IMG_20250703_143443_1-1140x1520.jpg 1140w\" sizes=\"auto, (max-width: 1920px) 100vw, 1920px\" \/><\/a><\/p>\n<p>K\u00fcl\u00f6nleges f\u0171z\u00f6tt fekete-piros kark\u00f6t\u0151 \u00e9s hozz\u00e1 ill\u0151 f\u00fclbeval\u00f3. K\u00e9szleten.<\/p>\n<p><a href=\"https:\/\/keszleragnesdesign.com\/wp-content\/uploads\/2025\/09\/IMG_20250715_162803_1-scaled.jpg\"><img loading=\"lazy\" decoding=\"async\" class=\"aligncenter size-full wp-image-2033\" src=\"https:\/\/keszleragnesdesign.com\/wp-content\/uploads\/2025\/09\/IMG_20250715_162803_1-scaled.jpg\" alt=\"\" width=\"2560\" height=\"1552\" srcset=\"https:\/\/keszleragnesdesign.com\/wp-content\/uploads\/2025\/09\/IMG_20250715_162803_1-scaled.jpg 2560w, https:\/\/keszleragnesdesign.com\/wp-content\/uploads\/2025\/09\/IMG_20250715_162803_1-300x182.jpg 300w, https:\/\/keszleragnesdesign.com\/wp-content\/uploads\/2025\/09\/IMG_20250715_162803_1-1024x621.jpg 1024w, https:\/\/keszleragnesdesign.com\/wp-content\/uploads\/2025\/09\/IMG_20250715_162803_1-768x466.jpg 768w, https:\/\/keszleragnesdesign.com\/wp-content\/uploads\/2025\/09\/IMG_20250715_162803_1-1536x931.jpg 1536w, https:\/\/keszleragnesdesign.com\/wp-content\/uploads\/2025\/09\/IMG_20250715_162803_1-2048x1242.jpg 2048w, https:\/\/keszleragnesdesign.com\/wp-content\/uploads\/2025\/09\/IMG_20250715_162803_1-1140x691.jpg 1140w\" sizes=\"auto, (max-width: 2560px) 100vw, 2560px\" \/><\/a><\/p>\n<p>K\u00fcl\u00f6nleges formagy\u00f6ngy\u00f6kb\u0151l f\u0171z\u00f6tt, ragyog\u00f3 krist\u00e1lyokkal d\u00edsz\u00edntett kark\u00f6t\u0151. K\u00e9szleten l\u00e9v\u0151 \u00e9kszer.<\/p>\n<p><a href=\"https:\/\/keszleragnesdesign.com\/wp-content\/uploads\/2025\/09\/IMG_20250624_162900-scaled.jpg\"><img loading=\"lazy\" decoding=\"async\" class=\"aligncenter size-full wp-image-2034\" src=\"https:\/\/keszleragnesdesign.com\/wp-content\/uploads\/2025\/09\/IMG_20250624_162900-scaled.jpg\" alt=\"\" width=\"2560\" height=\"1920\" srcset=\"https:\/\/keszleragnesdesign.com\/wp-content\/uploads\/2025\/09\/IMG_20250624_162900-scaled.jpg 2560w, https:\/\/keszleragnesdesign.com\/wp-content\/uploads\/2025\/09\/IMG_20250624_162900-300x225.jpg 300w, https:\/\/keszleragnesdesign.com\/wp-content\/uploads\/2025\/09\/IMG_20250624_162900-1024x768.jpg 1024w, https:\/\/keszleragnesdesign.com\/wp-content\/uploads\/2025\/09\/IMG_20250624_162900-768x576.jpg 768w, https:\/\/keszleragnesdesign.com\/wp-content\/uploads\/2025\/09\/IMG_20250624_162900-1536x1152.jpg 1536w, https:\/\/keszleragnesdesign.com\/wp-content\/uploads\/2025\/09\/IMG_20250624_162900-2048x1536.jpg 2048w, https:\/\/keszleragnesdesign.com\/wp-content\/uploads\/2025\/09\/IMG_20250624_162900-1140x855.jpg 1140w\" sizes=\"auto, (max-width: 2560px) 100vw, 2560px\" \/><\/a><\/p>\n<p>Bronz-krist\u00e1ly sz\u00edn\u0171 kark\u00f6t\u0151 \u00e9s hozz\u00e1 ill\u0151 f\u00fclbeval\u00f3. K\u00e9szleten l\u00e9v\u0151 \u00e9kszer.<\/p>\n<p><a href=\"https:\/\/keszleragnesdesign.com\/wp-content\/uploads\/2025\/09\/IMG_20250131_110059-scaled.jpg\"><img loading=\"lazy\" decoding=\"async\" class=\"aligncenter size-full wp-image-2045\" src=\"https:\/\/keszleragnesdesign.com\/wp-content\/uploads\/2025\/09\/IMG_20250131_110059-scaled.jpg\" alt=\"\" width=\"1645\" height=\"2560\" srcset=\"https:\/\/keszleragnesdesign.com\/wp-content\/uploads\/2025\/09\/IMG_20250131_110059-scaled.jpg 1645w, https:\/\/keszleragnesdesign.com\/wp-content\/uploads\/2025\/09\/IMG_20250131_110059-193x300.jpg 193w, https:\/\/keszleragnesdesign.com\/wp-content\/uploads\/2025\/09\/IMG_20250131_110059-658x1024.jpg 658w, https:\/\/keszleragnesdesign.com\/wp-content\/uploads\/2025\/09\/IMG_20250131_110059-768x1195.jpg 768w, https:\/\/keszleragnesdesign.com\/wp-content\/uploads\/2025\/09\/IMG_20250131_110059-987x1536.jpg 987w, https:\/\/keszleragnesdesign.com\/wp-content\/uploads\/2025\/09\/IMG_20250131_110059-1316x2048.jpg 1316w, https:\/\/keszleragnesdesign.com\/wp-content\/uploads\/2025\/09\/IMG_20250131_110059-1140x1774.jpg 1140w\" sizes=\"auto, (max-width: 1645px) 100vw, 1645px\" \/><\/a><\/p>\n<p>Krist\u00e1lyokkal d\u00edsz\u00edtett k\u00fcl\u00f6nleges form\u00e1j\u00fa kark\u00f6t\u0151k. K\u00e9szleten.<\/p>\n","protected":false},"excerpt":{"rendered":"<p>Krist\u00e1lyos f\u0171z\u00f6tt kark\u00f6t\u0151k \u00e9s f\u00fclbeval\u00f3k. K\u00e9szleten. Ez\u00fcst f\u0171z\u00f6tt kark\u00f6t\u0151. K\u00e9szleten. Bronz-matt iriz\u00e1l\u00f3 k\u00e9k f\u0171z\u00f6tt kark\u00f6t\u0151. K\u00e9szleten. K\u00e9k-arany f\u0171z\u00f6tt kark\u00f6t\u0151. K\u00e9szleten. Iriz\u00e1l\u00f3 z\u00f6ld-arany f\u0171z\u00f6tt kark\u00f6t\u0151. K\u00e9szleten. Arany kark\u00f6t\u0151 vari\u00e1ci\u00f3k. \u00c9rdekl\u0151dj\u00f6n az aktu\u00e1lis k\u00e9szlet ir\u00e1nt. Pezsg\u0151 sz\u00edn krist\u00e1lyokkal d\u00edsz\u00edtett kark\u00f6t\u0151. K\u00e9szleten. Krist\u00e1lyokkal d\u00edsz\u00edtett kark\u00f6t\u0151k. Rendelhet\u0151. K\u00fcl\u00f6nleges f\u0171z\u00f6tt fekete-piros kark\u00f6t\u0151 \u00e9s hozz\u00e1 ill\u0151 f\u00fclbeval\u00f3. K\u00e9szleten. K\u00fcl\u00f6nleges formagy\u00f6ngy\u00f6kb\u0151l f\u0171z\u00f6tt, ragyog\u00f3 krist\u00e1lyokkal d\u00edsz\u00edntett kark\u00f6t\u0151. K\u00e9szleten l\u00e9v\u0151 \u00e9kszer. Bronz-krist\u00e1ly sz\u00edn\u0171 kark\u00f6t\u0151 \u00e9s hozz\u00e1 ill\u0151 f\u00fclbeval\u00f3. K\u00e9szleten l\u00e9v\u0151 \u00e9kszer. Krist\u00e1lyokkal d\u00edsz\u00edtett k\u00fcl\u00f6nleges form\u00e1j\u00fa kark\u00f6t\u0151k. K\u00e9szleten.<\/p>\n","protected":false},"author":1,"featured_media":0,"parent":2,"menu_order":4,"comment_status":"closed","ping_status":"closed","template":"","meta":{"footnotes":""},"class_list":["post-317","page","type-page","status-publish","hentry"],"jetpack_sharing_enabled":true,"_links":{"self":[{"href":"https:\/\/keszleragnesdesign.com\/index.php\/wp-json\/wp\/v2\/pages\/317","targetHints":{"allow":["GET"]}}],"collection":[{"href":"https:\/\/keszleragnesdesign.com\/index.php\/wp-json\/wp\/v2\/pages"}],"about":[{"href":"https:\/\/keszleragnesdesign.com\/index.php\/wp-json\/wp\/v2\/types\/page"}],"author":[{"embeddable":true,"href":"https:\/\/keszleragnesdesign.com\/index.php\/wp-json\/wp\/v2\/users\/1"}],"replies":[{"embeddable":true,"href":"https:\/\/keszleragnesdesign.com\/index.php\/wp-json\/wp\/v2\/comments?post=317"}],"version-history":[{"count":37,"href":"https:\/\/keszleragnesdesign.com\/index.php\/wp-json\/wp\/v2\/pages\/317\/revisions"}],"predecessor-version":[{"id":2048,"href":"https:\/\/keszleragnesdesign.com\/index.php\/wp-json\/wp\/v2\/pages\/317\/revisions\/2048"}],"up":[{"embeddable":true,"href":"https:\/\/keszleragnesdesign.com\/index.php\/wp-json\/wp\/v2\/pages\/2"}],"wp:attachment":[{"href":"https:\/\/keszleragnesdesign.com\/index.php\/wp-json\/wp\/v2\/media?parent=317"}],"curies":[{"name":"wp","href":"https:\/\/api.w.org\/{rel}","templated":true}]}}