{"id":61,"date":"2022-03-29T16:03:14","date_gmt":"2022-03-29T16:03:14","guid":{"rendered":"https:\/\/keszleragnesdesign.com\/?page_id=61"},"modified":"2024-01-23T10:08:27","modified_gmt":"2024-01-23T10:08:27","slug":"kapcsolat","status":"publish","type":"page","link":"https:\/\/keszleragnesdesign.com\/index.php\/kapcsolat\/","title":{"rendered":"Kapcsolat"},"content":{"rendered":"<p>B\u00e1rmilyen k\u00e9rd\u00e9s eset\u00e9n, k\u00e9rem, keressen bizalommal az al\u00e1bbi el\u00e9rhet\u0151s\u00e9geimen:<\/p>\n<p>E-mail:\u00a0info@keszleragnesdesign.com<\/p>\n<p>Telefon: +3630-6980514<\/p>\n<p>Sz\u00e9khely: 5000 Szolnok, Ny\u00e1r utca 3.<\/p>\n<p>&nbsp;<\/p>\n","protected":false},"excerpt":{"rendered":"<p>B\u00e1rmilyen k\u00e9rd\u00e9s eset\u00e9n, k\u00e9rem, keressen bizalommal az al\u00e1bbi el\u00e9rhet\u0151s\u00e9geimen: E-mail:\u00a0info@keszleragnesdesign.com Telefon: +3630-6980514 Sz\u00e9khely: 5000 Szolnok, Ny\u00e1r utca 3. &nbsp;<\/p>\n","protected":false},"author":1,"featured_media":0,"parent":0,"menu_order":0,"comment_status":"closed","ping_status":"closed","template":"","meta":{"footnotes":""},"class_list":["post-61","page","type-page","status-publish","hentry"],"jetpack_sharing_enabled":true,"_links":{"self":[{"href":"https:\/\/keszleragnesdesign.com\/index.php\/wp-json\/wp\/v2\/pages\/61","targetHints":{"allow":["GET"]}}],"collection":[{"href":"https:\/\/keszleragnesdesign.com\/index.php\/wp-json\/wp\/v2\/pages"}],"about":[{"href":"https:\/\/keszleragnesdesign.com\/index.php\/wp-json\/wp\/v2\/types\/page"}],"author":[{"embeddable":true,"href":"https:\/\/keszleragnesdesign.com\/index.php\/wp-json\/wp\/v2\/users\/1"}],"replies":[{"embeddable":true,"href":"https:\/\/keszleragnesdesign.com\/index.php\/wp-json\/wp\/v2\/comments?post=61"}],"version-history":[{"count":10,"href":"https:\/\/keszleragnesdesign.com\/index.php\/wp-json\/wp\/v2\/pages\/61\/revisions"}],"predecessor-version":[{"id":1414,"href":"https:\/\/keszleragnesdesign.com\/index.php\/wp-json\/wp\/v2\/pages\/61\/revisions\/1414"}],"wp:attachment":[{"href":"https:\/\/keszleragnesdesign.com\/index.php\/wp-json\/wp\/v2\/media?parent=61"}],"curies":[{"name":"wp","href":"https:\/\/api.w.org\/{rel}","templated":true}]}}