{"id":677,"date":"2022-05-10T17:50:46","date_gmt":"2022-05-10T17:50:46","guid":{"rendered":"https:\/\/keszleragnesdesign.com\/?page_id=677"},"modified":"2026-04-12T15:14:41","modified_gmt":"2026-04-12T15:14:41","slug":"kiallitasok-vasarok","status":"publish","type":"page","link":"https:\/\/keszleragnesdesign.com\/index.php\/kiallitasok-vasarok\/","title":{"rendered":"Ki\u00e1ll\u00edt\u00e1sok"},"content":{"rendered":"<figure id=\"attachment_1185\" aria-describedby=\"caption-attachment-1185\" style=\"width: 374px\" class=\"wp-caption aligncenter\"><a href=\"https:\/\/keszleragnesdesign.com\/wp-content\/uploads\/2022\/11\/viber_kep_2022-11-08_17-47-27-150.jpg\"><img loading=\"lazy\" decoding=\"async\" class=\"wp-image-1185 \" src=\"https:\/\/keszleragnesdesign.com\/wp-content\/uploads\/2022\/11\/viber_kep_2022-11-08_17-47-27-150.jpg\" alt=\"\" width=\"374\" height=\"562\" srcset=\"https:\/\/keszleragnesdesign.com\/wp-content\/uploads\/2022\/11\/viber_kep_2022-11-08_17-47-27-150.jpg 1066w, https:\/\/keszleragnesdesign.com\/wp-content\/uploads\/2022\/11\/viber_kep_2022-11-08_17-47-27-150-200x300.jpg 200w, https:\/\/keszleragnesdesign.com\/wp-content\/uploads\/2022\/11\/viber_kep_2022-11-08_17-47-27-150-682x1024.jpg 682w, https:\/\/keszleragnesdesign.com\/wp-content\/uploads\/2022\/11\/viber_kep_2022-11-08_17-47-27-150-768x1153.jpg 768w, https:\/\/keszleragnesdesign.com\/wp-content\/uploads\/2022\/11\/viber_kep_2022-11-08_17-47-27-150-1023x1536.jpg 1023w\" sizes=\"auto, (max-width: 374px) 100vw, 374px\" \/><\/a><figcaption id=\"caption-attachment-1185\" class=\"wp-caption-text\">2022. okt\u00f3ber 21. napj\u00e1n a J\u00e1sz-Nagykun-Szolnok Megyei Amat\u0151r M\u0171v\u00e9szek t\u00e1rlat\u00e1n h\u00edmzett \u00e9kszereimmel III. helyez\u00e9st \u00e9rtem el.<\/figcaption><\/figure>\n<p>&nbsp;<\/p>\n<figure id=\"attachment_1192\" aria-describedby=\"caption-attachment-1192\" style=\"width: 353px\" class=\"wp-caption aligncenter\"><a href=\"https:\/\/keszleragnesdesign.com\/wp-content\/uploads\/2022\/11\/viber_kep_2022-11-08_17-47-25-301.jpg\"><img loading=\"lazy\" decoding=\"async\" class=\"wp-image-1192 \" src=\"https:\/\/keszleragnesdesign.com\/wp-content\/uploads\/2022\/11\/viber_kep_2022-11-08_17-47-25-301.jpg\" alt=\"\" width=\"353\" height=\"471\" srcset=\"https:\/\/keszleragnesdesign.com\/wp-content\/uploads\/2022\/11\/viber_kep_2022-11-08_17-47-25-301.jpg 1200w, https:\/\/keszleragnesdesign.com\/wp-content\/uploads\/2022\/11\/viber_kep_2022-11-08_17-47-25-301-225x300.jpg 225w, https:\/\/keszleragnesdesign.com\/wp-content\/uploads\/2022\/11\/viber_kep_2022-11-08_17-47-25-301-768x1024.jpg 768w, https:\/\/keszleragnesdesign.com\/wp-content\/uploads\/2022\/11\/viber_kep_2022-11-08_17-47-25-301-1152x1536.jpg 1152w, https:\/\/keszleragnesdesign.com\/wp-content\/uploads\/2022\/11\/viber_kep_2022-11-08_17-47-25-301-1140x1520.jpg 1140w\" sizes=\"auto, (max-width: 353px) 100vw, 353px\" \/><\/a><figcaption id=\"caption-attachment-1192\" class=\"wp-caption-text\">2022. okt\u00f3ber 22. Erzs\u00e9bet t\u00e9r, Hello Piac<\/figcaption><\/figure>\n<p><a href=\"https:\/\/keszleragnesdesign.com\/wp-content\/uploads\/2022\/05\/tv2.jpg\"><img loading=\"lazy\" decoding=\"async\" class=\"size-medium wp-image-687 aligncenter\" src=\"https:\/\/keszleragnesdesign.com\/wp-content\/uploads\/2022\/05\/tv2-300x225.jpg\" alt=\"\" width=\"300\" height=\"225\" srcset=\"https:\/\/keszleragnesdesign.com\/wp-content\/uploads\/2022\/05\/tv2-300x225.jpg 300w, https:\/\/keszleragnesdesign.com\/wp-content\/uploads\/2022\/05\/tv2-1024x768.jpg 1024w, https:\/\/keszleragnesdesign.com\/wp-content\/uploads\/2022\/05\/tv2-768x576.jpg 768w, https:\/\/keszleragnesdesign.com\/wp-content\/uploads\/2022\/05\/tv2-1536x1152.jpg 1536w, https:\/\/keszleragnesdesign.com\/wp-content\/uploads\/2022\/05\/tv2-1140x855.jpg 1140w, https:\/\/keszleragnesdesign.com\/wp-content\/uploads\/2022\/05\/tv2.jpg 1600w\" sizes=\"auto, (max-width: 300px) 100vw, 300px\" \/><\/a><\/p>\n<p style=\"text-align: center;\">2022. \u00e1prilis &#8211; Szolnoki T\u00f6rv\u00e9nysz\u00e9k<\/p>\n<p>&nbsp;<\/p>\n<p><a href=\"https:\/\/keszleragnesdesign.com\/wp-content\/uploads\/2022\/05\/AAKIT.jpg\"><img loading=\"lazy\" decoding=\"async\" class=\"size-medium wp-image-684 aligncenter\" src=\"https:\/\/keszleragnesdesign.com\/wp-content\/uploads\/2022\/05\/AAKIT-211x300.jpg\" alt=\"\" width=\"211\" height=\"300\" srcset=\"https:\/\/keszleragnesdesign.com\/wp-content\/uploads\/2022\/05\/AAKIT-211x300.jpg 211w, https:\/\/keszleragnesdesign.com\/wp-content\/uploads\/2022\/05\/AAKIT-721x1024.jpg 721w, https:\/\/keszleragnesdesign.com\/wp-content\/uploads\/2022\/05\/AAKIT-768x1090.jpg 768w, https:\/\/keszleragnesdesign.com\/wp-content\/uploads\/2022\/05\/AAKIT-1082x1536.jpg 1082w, https:\/\/keszleragnesdesign.com\/wp-content\/uploads\/2022\/05\/AAKIT.jpg 1127w\" sizes=\"auto, (max-width: 211px) 100vw, 211px\" \/><\/a><\/p>\n<p><a href=\"https:\/\/keszleragnesdesign.com\/wp-content\/uploads\/2022\/05\/tenger.jpg\"><img loading=\"lazy\" decoding=\"async\" class=\"size-medium wp-image-690 aligncenter\" src=\"https:\/\/keszleragnesdesign.com\/wp-content\/uploads\/2022\/05\/tenger-300x282.jpg\" alt=\"\" width=\"300\" height=\"282\" srcset=\"https:\/\/keszleragnesdesign.com\/wp-content\/uploads\/2022\/05\/tenger-300x282.jpg 300w, https:\/\/keszleragnesdesign.com\/wp-content\/uploads\/2022\/05\/tenger-1024x963.jpg 1024w, https:\/\/keszleragnesdesign.com\/wp-content\/uploads\/2022\/05\/tenger-768x722.jpg 768w, https:\/\/keszleragnesdesign.com\/wp-content\/uploads\/2022\/05\/tenger-1536x1444.jpg 1536w, https:\/\/keszleragnesdesign.com\/wp-content\/uploads\/2022\/05\/tenger-1140x1072.jpg 1140w, https:\/\/keszleragnesdesign.com\/wp-content\/uploads\/2022\/05\/tenger.jpg 1600w\" sizes=\"auto, (max-width: 300px) 100vw, 300px\" \/><\/a><\/p>\n<p style=\"text-align: center;\">2021.okt\u00f3ber &#8211; Martf\u0171, Megyei Alkot\u00f3k K\u00e9pz\u0151- \u00e9s Iparm\u0171v\u00e9szeti T\u00e1rlata<\/p>\n<p><a href=\"https:\/\/keszleragnesdesign.com\/wp-content\/uploads\/2026\/04\/IMG_20260412_083324_edit_951325203749804-scaled.jpg\"><img loading=\"lazy\" decoding=\"async\" class=\"aligncenter size-full wp-image-2091\" src=\"https:\/\/keszleragnesdesign.com\/wp-content\/uploads\/2026\/04\/IMG_20260412_083324_edit_951325203749804-scaled.jpg\" alt=\"\" width=\"2560\" height=\"1854\" srcset=\"https:\/\/keszleragnesdesign.com\/wp-content\/uploads\/2026\/04\/IMG_20260412_083324_edit_951325203749804-scaled.jpg 2560w, https:\/\/keszleragnesdesign.com\/wp-content\/uploads\/2026\/04\/IMG_20260412_083324_edit_951325203749804-300x217.jpg 300w, https:\/\/keszleragnesdesign.com\/wp-content\/uploads\/2026\/04\/IMG_20260412_083324_edit_951325203749804-1024x742.jpg 1024w, https:\/\/keszleragnesdesign.com\/wp-content\/uploads\/2026\/04\/IMG_20260412_083324_edit_951325203749804-768x556.jpg 768w, https:\/\/keszleragnesdesign.com\/wp-content\/uploads\/2026\/04\/IMG_20260412_083324_edit_951325203749804-1536x1112.jpg 1536w, https:\/\/keszleragnesdesign.com\/wp-content\/uploads\/2026\/04\/IMG_20260412_083324_edit_951325203749804-2048x1483.jpg 2048w, https:\/\/keszleragnesdesign.com\/wp-content\/uploads\/2026\/04\/IMG_20260412_083324_edit_951325203749804-1140x826.jpg 1140w\" sizes=\"auto, (max-width: 2560px) 100vw, 2560px\" \/><\/a><\/p>\n<p>Szolnok, Helyi term\u00e9kek v\u00e1s\u00e1ra &#8211; minden h\u00f3nap m\u00e1sodik vas\u00e1rnapj\u00e1n<\/p>\n","protected":false},"excerpt":{"rendered":"<p>&nbsp; 2022. \u00e1prilis &#8211; Szolnoki T\u00f6rv\u00e9nysz\u00e9k &nbsp; 2021.okt\u00f3ber &#8211; Martf\u0171, Megyei Alkot\u00f3k K\u00e9pz\u0151- \u00e9s Iparm\u0171v\u00e9szeti T\u00e1rlata Szolnok, Helyi term\u00e9kek v\u00e1s\u00e1ra &#8211; minden h\u00f3nap m\u00e1sodik vas\u00e1rnapj\u00e1n<\/p>\n","protected":false},"author":1,"featured_media":0,"parent":0,"menu_order":0,"comment_status":"closed","ping_status":"closed","template":"","meta":{"footnotes":""},"class_list":["post-677","page","type-page","status-publish","hentry"],"jetpack_sharing_enabled":true,"_links":{"self":[{"href":"https:\/\/keszleragnesdesign.com\/index.php\/wp-json\/wp\/v2\/pages\/677","targetHints":{"allow":["GET"]}}],"collection":[{"href":"https:\/\/keszleragnesdesign.com\/index.php\/wp-json\/wp\/v2\/pages"}],"about":[{"href":"https:\/\/keszleragnesdesign.com\/index.php\/wp-json\/wp\/v2\/types\/page"}],"author":[{"embeddable":true,"href":"https:\/\/keszleragnesdesign.com\/index.php\/wp-json\/wp\/v2\/users\/1"}],"replies":[{"embeddable":true,"href":"https:\/\/keszleragnesdesign.com\/index.php\/wp-json\/wp\/v2\/comments?post=677"}],"version-history":[{"count":16,"href":"https:\/\/keszleragnesdesign.com\/index.php\/wp-json\/wp\/v2\/pages\/677\/revisions"}],"predecessor-version":[{"id":2092,"href":"https:\/\/keszleragnesdesign.com\/index.php\/wp-json\/wp\/v2\/pages\/677\/revisions\/2092"}],"wp:attachment":[{"href":"https:\/\/keszleragnesdesign.com\/index.php\/wp-json\/wp\/v2\/media?parent=677"}],"curies":[{"name":"wp","href":"https:\/\/api.w.org\/{rel}","templated":true}]}}